{"id":1105,"date":"2026-01-29T13:17:37","date_gmt":"2026-01-29T13:17:37","guid":{"rendered":"https:\/\/asv-schlangen.de\/?page_id=1105"},"modified":"2026-02-09T14:37:02","modified_gmt":"2026-02-09T14:37:02","slug":"login","status":"publish","type":"page","link":"https:\/\/asv-schlangen.de\/?page_id=1105","title":{"rendered":"Impressionen"},"content":{"rendered":"\t\t<div data-elementor-type=\"wp-page\" data-elementor-id=\"1105\" class=\"elementor elementor-1105\" data-elementor-post-type=\"page\">\n\t\t\t\t\t\t<section class=\"elementor-section elementor-top-section elementor-element elementor-element-f6a2f59 elementor-section-boxed elementor-section-height-default elementor-section-height-default\" data-id=\"f6a2f59\" data-element_type=\"section\" data-e-type=\"section\">\n\t\t\t\t\t\t<div class=\"elementor-container elementor-column-gap-default\">\n\t\t\t\t\t<div class=\"elementor-column elementor-col-100 elementor-top-column elementor-element elementor-element-873f0d9\" data-id=\"873f0d9\" data-element_type=\"column\" data-e-type=\"column\">\n\t\t\t<div class=\"elementor-widget-wrap elementor-element-populated\">\n\t\t\t\t\t\t<div class=\"elementor-element elementor-element-d071345 elementor-widget elementor-widget-text-editor\" data-id=\"d071345\" data-element_type=\"widget\" data-e-type=\"widget\" data-widget_type=\"text-editor.default\">\n\t\t\t\t<div class=\"elementor-widget-container\">\n\t\t\t\t\t\t\t\t\t<p>Wenn du Eindr\u00fccke von unserem Verein erhalten m\u00f6chtest, bist du hier genau richtig:<\/p><p>Im Jahr 1966 wurde der ASV Schlangen e.V. gegr\u00fcndet. Auf mittlerweile \u00fcber 60 Jahre Vereinsgeschichte kann der Verein nun zur\u00fcckblicken.<\/p><p>Neben dem eigentlichen Angelsport liegt uns vor allem die Gemeinschaft am Herzen.<\/p><p>Es gibt eine Reihe von Angelveranstaltungen, zu denen unter anderem das K\u00f6nigsangeln, das Damenangeln und das Prinzenangeln geh\u00f6ren.<\/p><p>Mit \u00fcber 250 Senioren-Mitgliedern geh\u00f6ren wir zu einen der gr\u00f6\u00dferen Sportvereine der Gemeinde Schlangen. Wir sind au\u00dferdem besonders stolz auf unsere Jugendgruppe, die derzeit aus rund 50 Mitgliedern besteht.<\/p>\t\t\t\t\t\t\t\t<\/div>\n\t\t\t\t<\/div>\n\t\t\t\t\t<\/div>\n\t\t<\/div>\n\t\t\t\t\t<\/div>\n\t\t<\/section>\n\t\t\t\t<section class=\"elementor-section elementor-top-section elementor-element elementor-element-1c6fa5b elementor-section-boxed elementor-section-height-default elementor-section-height-default\" data-id=\"1c6fa5b\" data-element_type=\"section\" data-e-type=\"section\">\n\t\t\t\t\t\t<div class=\"elementor-container elementor-column-gap-default\">\n\t\t\t\t\t<div class=\"elementor-column elementor-col-100 elementor-top-column elementor-element elementor-element-e3b060e\" data-id=\"e3b060e\" data-element_type=\"column\" data-e-type=\"column\">\n\t\t\t<div class=\"elementor-widget-wrap elementor-element-populated\">\n\t\t\t\t\t\t<div class=\"elementor-element elementor-element-8b35588 elementor-widget elementor-widget-gallery\" data-id=\"8b35588\" data-element_type=\"widget\" data-e-type=\"widget\" data-settings=\"{&quot;lazyload&quot;:&quot;yes&quot;,&quot;gallery_layout&quot;:&quot;grid&quot;,&quot;columns&quot;:4,&quot;columns_tablet&quot;:2,&quot;columns_mobile&quot;:1,&quot;gap&quot;:{&quot;unit&quot;:&quot;px&quot;,&quot;size&quot;:10,&quot;sizes&quot;:[]},&quot;gap_tablet&quot;:{&quot;unit&quot;:&quot;px&quot;,&quot;size&quot;:10,&quot;sizes&quot;:[]},&quot;gap_mobile&quot;:{&quot;unit&quot;:&quot;px&quot;,&quot;size&quot;:10,&quot;sizes&quot;:[]},&quot;link_to&quot;:&quot;file&quot;,&quot;aspect_ratio&quot;:&quot;3:2&quot;,&quot;overlay_background&quot;:&quot;yes&quot;,&quot;content_hover_animation&quot;:&quot;fade-in&quot;}\" data-widget_type=\"gallery.default\">\n\t\t\t\t<div class=\"elementor-widget-container\">\n\t\t\t\t\t\t\t<div class=\"elementor-gallery__container\">\n\t\t\t\t\t\t\t<a class=\"e-gallery-item elementor-gallery-item elementor-animated-content\" href=\"https:\/\/asv-schlangen.de\/wp-content\/uploads\/2024\/06\/1000048249-scaled.jpg\" data-elementor-open-lightbox=\"yes\" data-elementor-lightbox-slideshow=\"8b35588\" data-elementor-lightbox-title=\"1000048249\" data-e-action-hash=\"#elementor-action%3Aaction%3Dlightbox%26settings%3DeyJpZCI6ODkyLCJ1cmwiOiJodHRwczpcL1wvYXN2LXNjaGxhbmdlbi5kZVwvd3AtY29udGVudFwvdXBsb2Fkc1wvMjAyNFwvMDZcLzEwMDAwNDgyNDktc2NhbGVkLmpwZyIsInNsaWRlc2hvdyI6IjhiMzU1ODgifQ%3D%3D\">\n\t\t\t\t\t<div class=\"e-gallery-image elementor-gallery-item__image\" data-thumbnail=\"https:\/\/asv-schlangen.de\/wp-content\/uploads\/2024\/06\/1000048249-300x225.jpg\" data-width=\"300\" data-height=\"225\" aria-label=\"\" role=\"img\" ><\/div>\n\t\t\t\t\t\t\t\t\t\t\t<div class=\"elementor-gallery-item__overlay\"><\/div>\n\t\t\t\t\t\t\t\t\t\t\t\t\t\t<\/a>\n\t\t\t\t\t\t\t<a class=\"e-gallery-item elementor-gallery-item elementor-animated-content\" href=\"https:\/\/asv-schlangen.de\/wp-content\/uploads\/2023\/08\/20230826_113957-scaled.jpg\" data-elementor-open-lightbox=\"yes\" data-elementor-lightbox-slideshow=\"8b35588\" data-elementor-lightbox-title=\"20230826_113957\" data-e-action-hash=\"#elementor-action%3Aaction%3Dlightbox%26settings%3DeyJpZCI6NzI5LCJ1cmwiOiJodHRwczpcL1wvYXN2LXNjaGxhbmdlbi5kZVwvd3AtY29udGVudFwvdXBsb2Fkc1wvMjAyM1wvMDhcLzIwMjMwODI2XzExMzk1Ny1zY2FsZWQuanBnIiwic2xpZGVzaG93IjoiOGIzNTU4OCJ9\">\n\t\t\t\t\t<div class=\"e-gallery-image elementor-gallery-item__image\" data-thumbnail=\"https:\/\/asv-schlangen.de\/wp-content\/uploads\/2023\/08\/20230826_113957-225x300.jpg\" data-width=\"225\" data-height=\"300\" aria-label=\"\" role=\"img\" ><\/div>\n\t\t\t\t\t\t\t\t\t\t\t<div class=\"elementor-gallery-item__overlay\"><\/div>\n\t\t\t\t\t\t\t\t\t\t\t\t\t\t<\/a>\n\t\t\t\t\t\t\t<a class=\"e-gallery-item elementor-gallery-item elementor-animated-content\" href=\"https:\/\/asv-schlangen.de\/wp-content\/uploads\/2025\/08\/WhatsApp-Image-2025-08-08-at-11.33.19.jpeg\" data-elementor-open-lightbox=\"yes\" data-elementor-lightbox-slideshow=\"8b35588\" data-elementor-lightbox-title=\"WhatsApp Image 2025-08-08 at 11.33.19\" data-e-action-hash=\"#elementor-action%3Aaction%3Dlightbox%26settings%3DeyJpZCI6OTcwLCJ1cmwiOiJodHRwczpcL1wvYXN2LXNjaGxhbmdlbi5kZVwvd3AtY29udGVudFwvdXBsb2Fkc1wvMjAyNVwvMDhcL1doYXRzQXBwLUltYWdlLTIwMjUtMDgtMDgtYXQtMTEuMzMuMTkuanBlZyIsInNsaWRlc2hvdyI6IjhiMzU1ODgifQ%3D%3D\">\n\t\t\t\t\t<div class=\"e-gallery-image elementor-gallery-item__image\" data-thumbnail=\"https:\/\/asv-schlangen.de\/wp-content\/uploads\/2025\/08\/WhatsApp-Image-2025-08-08-at-11.33.19-225x300.jpeg\" data-width=\"225\" data-height=\"300\" aria-label=\"\" role=\"img\" ><\/div>\n\t\t\t\t\t\t\t\t\t\t\t<div class=\"elementor-gallery-item__overlay\"><\/div>\n\t\t\t\t\t\t\t\t\t\t\t\t\t\t<\/a>\n\t\t\t\t\t\t\t<a class=\"e-gallery-item elementor-gallery-item elementor-animated-content\" href=\"https:\/\/asv-schlangen.de\/wp-content\/uploads\/2023\/08\/IMG-20230618-WA0018.jpg\" data-elementor-open-lightbox=\"yes\" data-elementor-lightbox-slideshow=\"8b35588\" data-elementor-lightbox-title=\"IMG-20230618-WA0018\" data-e-action-hash=\"#elementor-action%3Aaction%3Dlightbox%26settings%3DeyJpZCI6NzM3LCJ1cmwiOiJodHRwczpcL1wvYXN2LXNjaGxhbmdlbi5kZVwvd3AtY29udGVudFwvdXBsb2Fkc1wvMjAyM1wvMDhcL0lNRy0yMDIzMDYxOC1XQTAwMTguanBnIiwic2xpZGVzaG93IjoiOGIzNTU4OCJ9\">\n\t\t\t\t\t<div class=\"e-gallery-image elementor-gallery-item__image\" data-thumbnail=\"https:\/\/asv-schlangen.de\/wp-content\/uploads\/2023\/08\/IMG-20230618-WA0018-225x300.jpg\" data-width=\"225\" data-height=\"300\" aria-label=\"\" role=\"img\" ><\/div>\n\t\t\t\t\t\t\t\t\t\t\t<div class=\"elementor-gallery-item__overlay\"><\/div>\n\t\t\t\t\t\t\t\t\t\t\t\t\t\t<\/a>\n\t\t\t\t\t\t\t<a class=\"e-gallery-item elementor-gallery-item elementor-animated-content\" href=\"https:\/\/asv-schlangen.de\/wp-content\/uploads\/2025\/08\/9c7a5632-6393-4aa6-bd61-827b7a4a8767.jpg\" data-elementor-open-lightbox=\"yes\" data-elementor-lightbox-slideshow=\"8b35588\" data-elementor-lightbox-title=\"9c7a5632-6393-4aa6-bd61-827b7a4a8767\" data-e-action-hash=\"#elementor-action%3Aaction%3Dlightbox%26settings%3DeyJpZCI6OTcxLCJ1cmwiOiJodHRwczpcL1wvYXN2LXNjaGxhbmdlbi5kZVwvd3AtY29udGVudFwvdXBsb2Fkc1wvMjAyNVwvMDhcLzljN2E1NjMyLTYzOTMtNGFhNi1iZDYxLTgyN2I3YTRhODc2Ny5qcGciLCJzbGlkZXNob3ciOiI4YjM1NTg4In0%3D\">\n\t\t\t\t\t<div class=\"e-gallery-image elementor-gallery-item__image\" data-thumbnail=\"https:\/\/asv-schlangen.de\/wp-content\/uploads\/2025\/08\/9c7a5632-6393-4aa6-bd61-827b7a4a8767-225x300.jpg\" data-width=\"225\" data-height=\"300\" aria-label=\"\" role=\"img\" ><\/div>\n\t\t\t\t\t\t\t\t\t\t\t<div class=\"elementor-gallery-item__overlay\"><\/div>\n\t\t\t\t\t\t\t\t\t\t\t\t\t\t<\/a>\n\t\t\t\t\t\t\t<a class=\"e-gallery-item elementor-gallery-item elementor-animated-content\" href=\"https:\/\/asv-schlangen.de\/wp-content\/uploads\/2024\/06\/1000046162-scaled.jpg\" data-elementor-open-lightbox=\"yes\" data-elementor-lightbox-slideshow=\"8b35588\" data-elementor-lightbox-title=\"1000046162\" data-e-action-hash=\"#elementor-action%3Aaction%3Dlightbox%26settings%3DeyJpZCI6ODg2LCJ1cmwiOiJodHRwczpcL1wvYXN2LXNjaGxhbmdlbi5kZVwvd3AtY29udGVudFwvdXBsb2Fkc1wvMjAyNFwvMDZcLzEwMDAwNDYxNjItc2NhbGVkLmpwZyIsInNsaWRlc2hvdyI6IjhiMzU1ODgifQ%3D%3D\">\n\t\t\t\t\t<div class=\"e-gallery-image elementor-gallery-item__image\" data-thumbnail=\"https:\/\/asv-schlangen.de\/wp-content\/uploads\/2024\/06\/1000046162-300x225.jpg\" data-width=\"300\" data-height=\"225\" aria-label=\"\" role=\"img\" ><\/div>\n\t\t\t\t\t\t\t\t\t\t\t<div class=\"elementor-gallery-item__overlay\"><\/div>\n\t\t\t\t\t\t\t\t\t\t\t\t\t\t<\/a>\n\t\t\t\t\t\t\t<a class=\"e-gallery-item elementor-gallery-item elementor-animated-content\" href=\"https:\/\/asv-schlangen.de\/wp-content\/uploads\/2023\/08\/IMG-20230529-WA0004.jpg\" data-elementor-open-lightbox=\"yes\" data-elementor-lightbox-slideshow=\"8b35588\" data-elementor-lightbox-title=\"IMG-20230529-WA0004\" data-e-action-hash=\"#elementor-action%3Aaction%3Dlightbox%26settings%3DeyJpZCI6NzQ2LCJ1cmwiOiJodHRwczpcL1wvYXN2LXNjaGxhbmdlbi5kZVwvd3AtY29udGVudFwvdXBsb2Fkc1wvMjAyM1wvMDhcL0lNRy0yMDIzMDUyOS1XQTAwMDQuanBnIiwic2xpZGVzaG93IjoiOGIzNTU4OCJ9\">\n\t\t\t\t\t<div class=\"e-gallery-image elementor-gallery-item__image\" data-thumbnail=\"https:\/\/asv-schlangen.de\/wp-content\/uploads\/2023\/08\/IMG-20230529-WA0004-300x225.jpg\" data-width=\"300\" data-height=\"225\" aria-label=\"\" role=\"img\" ><\/div>\n\t\t\t\t\t\t\t\t\t\t\t<div class=\"elementor-gallery-item__overlay\"><\/div>\n\t\t\t\t\t\t\t\t\t\t\t\t\t\t<\/a>\n\t\t\t\t\t\t\t<a class=\"e-gallery-item elementor-gallery-item elementor-animated-content\" href=\"https:\/\/asv-schlangen.de\/wp-content\/uploads\/2023\/08\/IMG-20230526-WA0014.jpg\" data-elementor-open-lightbox=\"yes\" data-elementor-lightbox-slideshow=\"8b35588\" data-elementor-lightbox-title=\"IMG-20230526-WA0014\" data-e-action-hash=\"#elementor-action%3Aaction%3Dlightbox%26settings%3DeyJpZCI6NzQ0LCJ1cmwiOiJodHRwczpcL1wvYXN2LXNjaGxhbmdlbi5kZVwvd3AtY29udGVudFwvdXBsb2Fkc1wvMjAyM1wvMDhcL0lNRy0yMDIzMDUyNi1XQTAwMTQuanBnIiwic2xpZGVzaG93IjoiOGIzNTU4OCJ9\">\n\t\t\t\t\t<div class=\"e-gallery-image elementor-gallery-item__image\" data-thumbnail=\"https:\/\/asv-schlangen.de\/wp-content\/uploads\/2023\/08\/IMG-20230526-WA0014-225x300.jpg\" data-width=\"225\" data-height=\"300\" aria-label=\"\" role=\"img\" ><\/div>\n\t\t\t\t\t\t\t\t\t\t\t<div class=\"elementor-gallery-item__overlay\"><\/div>\n\t\t\t\t\t\t\t\t\t\t\t\t\t\t<\/a>\n\t\t\t\t\t<\/div>\n\t\t\t\t\t<\/div>\n\t\t\t\t<\/div>\n\t\t\t\t\t<\/div>\n\t\t<\/div>\n\t\t\t\t\t<\/div>\n\t\t<\/section>\n\t\t\t\t<\/div>\n\t\t","protected":false},"excerpt":{"rendered":"<p>Wenn du Eindr\u00fccke von unserem Verein erhalten m\u00f6chtest, bist du hier genau richtig: Im Jahr 1966 wurde der ASV Schlangen e.V. gegr\u00fcndet. Auf mittlerweile \u00fcber 60 Jahre Vereinsgeschichte kann der Verein nun zur\u00fcckblicken. Neben dem eigentlichen Angelsport liegt uns vor allem die Gemeinschaft am Herzen. Es gibt eine Reihe von Angelveranstaltungen, zu denen unter anderem [&hellip;]<\/p>\n","protected":false},"author":4,"featured_media":0,"parent":0,"menu_order":0,"comment_status":"closed","ping_status":"closed","template":"","meta":{"footnotes":""},"class_list":["post-1105","page","type-page","status-publish","hentry"],"_links":{"self":[{"href":"https:\/\/asv-schlangen.de\/index.php?rest_route=\/wp\/v2\/pages\/1105","targetHints":{"allow":["GET"]}}],"collection":[{"href":"https:\/\/asv-schlangen.de\/index.php?rest_route=\/wp\/v2\/pages"}],"about":[{"href":"https:\/\/asv-schlangen.de\/index.php?rest_route=\/wp\/v2\/types\/page"}],"author":[{"embeddable":true,"href":"https:\/\/asv-schlangen.de\/index.php?rest_route=\/wp\/v2\/users\/4"}],"replies":[{"embeddable":true,"href":"https:\/\/asv-schlangen.de\/index.php?rest_route=%2Fwp%2Fv2%2Fcomments&post=1105"}],"version-history":[{"count":20,"href":"https:\/\/asv-schlangen.de\/index.php?rest_route=\/wp\/v2\/pages\/1105\/revisions"}],"predecessor-version":[{"id":1154,"href":"https:\/\/asv-schlangen.de\/index.php?rest_route=\/wp\/v2\/pages\/1105\/revisions\/1154"}],"wp:attachment":[{"href":"https:\/\/asv-schlangen.de\/index.php?rest_route=%2Fwp%2Fv2%2Fmedia&parent=1105"}],"curies":[{"name":"wp","href":"https:\/\/api.w.org\/{rel}","templated":true}]}}