{"id":1272,"date":"2026-04-01T08:05:11","date_gmt":"2026-04-01T08:05:11","guid":{"rendered":"https:\/\/asv-schlangen.de\/?page_id=1272"},"modified":"2026-04-01T08:09:11","modified_gmt":"2026-04-01T08:09:11","slug":"berichte-2026","status":"publish","type":"page","link":"https:\/\/asv-schlangen.de\/?page_id=1272","title":{"rendered":"Berichte 2026"},"content":{"rendered":"\t\t<div data-elementor-type=\"wp-page\" data-elementor-id=\"1272\" class=\"elementor elementor-1272\" data-elementor-post-type=\"page\">\n\t\t\t\t\t\t<section class=\"elementor-section elementor-top-section elementor-element elementor-element-5fe47f6 elementor-section-boxed elementor-section-height-default elementor-section-height-default\" data-id=\"5fe47f6\" data-element_type=\"section\" data-e-type=\"section\">\n\t\t\t\t\t\t<div class=\"elementor-container elementor-column-gap-default\">\n\t\t\t\t\t<div class=\"elementor-column elementor-col-100 elementor-top-column elementor-element elementor-element-4303f61\" data-id=\"4303f61\" data-element_type=\"column\" data-e-type=\"column\">\n\t\t\t<div class=\"elementor-widget-wrap elementor-element-populated\">\n\t\t\t\t\t\t<div class=\"elementor-element elementor-element-dc4ba78 elementor-widget elementor-widget-heading\" data-id=\"dc4ba78\" data-element_type=\"widget\" data-e-type=\"widget\" data-widget_type=\"heading.default\">\n\t\t\t\t<div class=\"elementor-widget-container\">\n\t\t\t\t\t<h1 class=\"elementor-heading-title elementor-size-default\">Jugend-Anangeln 2026<\/h1>\t\t\t\t<\/div>\n\t\t\t\t<\/div>\n\t\t\t\t<div class=\"elementor-element elementor-element-bb1b366 elementor-widget elementor-widget-text-editor\" data-id=\"bb1b366\" data-element_type=\"widget\" data-e-type=\"widget\" data-widget_type=\"text-editor.default\">\n\t\t\t\t<div class=\"elementor-widget-container\">\n\t\t\t\t\t\t\t\t\t<p>Um 7 Uhr trafen wir uns am Ochsensee auch mit unseren Vereinsfreunden aus Albaxen, die mit 10 Kindern angereist waren. Zusammen gingen 32 Jugendliche an den Start. Die Temperaturen waren in der Nacht, v\u00f6llig unpassend auf 0 \u00b0C gesunken, der Morgen begr\u00fc\u00dfte uns mit leichten Graupelschauern, die in einen leichten Dauerregen \u00fcbergingen.<br \/>Unbeeindruckt angelten fast alle Jugendlichen tapfer durch und jeder konnte bis 11 Uhr Fische fangen. Danach grillten wir uns noch fast 60 Bratw\u00fcrstchen, die im Br\u00f6tchen dankbar angenommen wurden. die Veranstaltung endete gegen 12:30 Uhr.<br \/>Am folgenden Sonntag stellten die Jugendwarte den R\u00e4ucherofen am Vereinsheim auf. Jeder der wollte konnte seine Forellen zum R\u00e4uchern abgeben. Einige Jugendliche nutzten diese Gelegenheit, Arne und Marlon halfen tatkr\u00e4ftig mit. Die Forellen waren richtig lecker \u2013 das machen wir bestimmt nochmal.<\/p>\t\t\t\t\t\t\t\t<\/div>\n\t\t\t\t<\/div>\n\t\t\t\t\t<\/div>\n\t\t<\/div>\n\t\t\t\t\t<\/div>\n\t\t<\/section>\n\t\t\t\t<section class=\"elementor-section elementor-top-section elementor-element elementor-element-6548eec elementor-section-boxed elementor-section-height-default elementor-section-height-default\" data-id=\"6548eec\" data-element_type=\"section\" data-e-type=\"section\">\n\t\t\t\t\t\t<div class=\"elementor-container elementor-column-gap-default\">\n\t\t\t\t\t<div class=\"elementor-column elementor-col-100 elementor-top-column elementor-element elementor-element-42b3f2c\" data-id=\"42b3f2c\" data-element_type=\"column\" data-e-type=\"column\">\n\t\t\t<div class=\"elementor-widget-wrap elementor-element-populated\">\n\t\t\t\t\t\t<div class=\"elementor-element elementor-element-07f95a0 elementor-widget elementor-widget-gallery\" data-id=\"07f95a0\" data-element_type=\"widget\" data-e-type=\"widget\" data-settings=\"{&quot;lazyload&quot;:&quot;yes&quot;,&quot;gallery_layout&quot;:&quot;grid&quot;,&quot;columns&quot;:4,&quot;columns_tablet&quot;:2,&quot;columns_mobile&quot;:1,&quot;gap&quot;:{&quot;unit&quot;:&quot;px&quot;,&quot;size&quot;:10,&quot;sizes&quot;:[]},&quot;gap_tablet&quot;:{&quot;unit&quot;:&quot;px&quot;,&quot;size&quot;:10,&quot;sizes&quot;:[]},&quot;gap_mobile&quot;:{&quot;unit&quot;:&quot;px&quot;,&quot;size&quot;:10,&quot;sizes&quot;:[]},&quot;link_to&quot;:&quot;file&quot;,&quot;aspect_ratio&quot;:&quot;3:2&quot;,&quot;overlay_background&quot;:&quot;yes&quot;,&quot;content_hover_animation&quot;:&quot;fade-in&quot;}\" data-widget_type=\"gallery.default\">\n\t\t\t\t<div class=\"elementor-widget-container\">\n\t\t\t\t\t\t\t<div class=\"elementor-gallery__container\">\n\t\t\t\t\t\t\t<a class=\"e-gallery-item elementor-gallery-item elementor-animated-content\" href=\"https:\/\/asv-schlangen.de\/wp-content\/uploads\/2026\/03\/Bild-J-Anangeln-2-scaled.jpg\" data-elementor-open-lightbox=\"yes\" data-elementor-lightbox-slideshow=\"07f95a0\" data-elementor-lightbox-title=\"Bild J-Anangeln 2\" data-e-action-hash=\"#elementor-action%3Aaction%3Dlightbox%26settings%3DeyJpZCI6MTI3MCwidXJsIjoiaHR0cHM6XC9cL2Fzdi1zY2hsYW5nZW4uZGVcL3dwLWNvbnRlbnRcL3VwbG9hZHNcLzIwMjZcLzAzXC9CaWxkLUotQW5hbmdlbG4tMi1zY2FsZWQuanBnIiwic2xpZGVzaG93IjoiMDdmOTVhMCJ9\">\n\t\t\t\t\t<div class=\"e-gallery-image elementor-gallery-item__image\" data-thumbnail=\"https:\/\/asv-schlangen.de\/wp-content\/uploads\/2026\/03\/Bild-J-Anangeln-2-300x225.jpg\" data-width=\"300\" data-height=\"225\" aria-label=\"\" role=\"img\" ><\/div>\n\t\t\t\t\t\t\t\t\t\t\t<div class=\"elementor-gallery-item__overlay\"><\/div>\n\t\t\t\t\t\t\t\t\t\t\t\t\t\t<\/a>\n\t\t\t\t\t\t\t<a class=\"e-gallery-item elementor-gallery-item elementor-animated-content\" href=\"https:\/\/asv-schlangen.de\/wp-content\/uploads\/2026\/03\/Ausnahmetisch-scaled.jpg\" data-elementor-open-lightbox=\"yes\" data-elementor-lightbox-slideshow=\"07f95a0\" data-elementor-lightbox-title=\"Vereinseigener Tisch zur Fischversorgung\" data-e-action-hash=\"#elementor-action%3Aaction%3Dlightbox%26settings%3DeyJpZCI6MTI2OCwidXJsIjoiaHR0cHM6XC9cL2Fzdi1zY2hsYW5nZW4uZGVcL3dwLWNvbnRlbnRcL3VwbG9hZHNcLzIwMjZcLzAzXC9BdXNuYWhtZXRpc2NoLXNjYWxlZC5qcGciLCJzbGlkZXNob3ciOiIwN2Y5NWEwIn0%3D\">\n\t\t\t\t\t<div class=\"e-gallery-image elementor-gallery-item__image\" data-thumbnail=\"https:\/\/asv-schlangen.de\/wp-content\/uploads\/2026\/03\/Ausnahmetisch-300x225.jpg\" data-width=\"300\" data-height=\"225\" aria-label=\"\" role=\"img\" ><\/div>\n\t\t\t\t\t\t\t\t\t\t\t<div class=\"elementor-gallery-item__overlay\"><\/div>\n\t\t\t\t\t\t\t\t\t\t\t\t\t\t<\/a>\n\t\t\t\t\t\t\t<a class=\"e-gallery-item elementor-gallery-item elementor-animated-content\" href=\"https:\/\/asv-schlangen.de\/wp-content\/uploads\/2026\/03\/Raeucherofen-scaled.jpg\" data-elementor-open-lightbox=\"yes\" data-elementor-lightbox-slideshow=\"07f95a0\" data-elementor-lightbox-title=\"Vereinseigener R\u00e4ucherofen\" data-e-action-hash=\"#elementor-action%3Aaction%3Dlightbox%26settings%3DeyJpZCI6MTI2NywidXJsIjoiaHR0cHM6XC9cL2Fzdi1zY2hsYW5nZW4uZGVcL3dwLWNvbnRlbnRcL3VwbG9hZHNcLzIwMjZcLzAzXC9SYWV1Y2hlcm9mZW4tc2NhbGVkLmpwZyIsInNsaWRlc2hvdyI6IjA3Zjk1YTAifQ%3D%3D\">\n\t\t\t\t\t<div class=\"e-gallery-image elementor-gallery-item__image\" data-thumbnail=\"https:\/\/asv-schlangen.de\/wp-content\/uploads\/2026\/03\/Raeucherofen-225x300.jpg\" data-width=\"225\" data-height=\"300\" aria-label=\"\" role=\"img\" ><\/div>\n\t\t\t\t\t\t\t\t\t\t\t<div class=\"elementor-gallery-item__overlay\"><\/div>\n\t\t\t\t\t\t\t\t\t\t\t\t\t\t<\/a>\n\t\t\t\t\t\t\t<a class=\"e-gallery-item elementor-gallery-item elementor-animated-content\" href=\"https:\/\/asv-schlangen.de\/wp-content\/uploads\/2026\/03\/geraeucherte-Forellen.jpg\" data-elementor-open-lightbox=\"yes\" data-elementor-lightbox-slideshow=\"07f95a0\" data-elementor-lightbox-title=\"ger\u00e4ucherte Forellen vom Jugend-Anangeln 2026\" data-e-action-hash=\"#elementor-action%3Aaction%3Dlightbox%26settings%3DeyJpZCI6MTI3MSwidXJsIjoiaHR0cHM6XC9cL2Fzdi1zY2hsYW5nZW4uZGVcL3dwLWNvbnRlbnRcL3VwbG9hZHNcLzIwMjZcLzAzXC9nZXJhZXVjaGVydGUtRm9yZWxsZW4uanBnIiwic2xpZGVzaG93IjoiMDdmOTVhMCJ9\">\n\t\t\t\t\t<div class=\"e-gallery-image elementor-gallery-item__image\" data-thumbnail=\"https:\/\/asv-schlangen.de\/wp-content\/uploads\/2026\/03\/geraeucherte-Forellen-169x300.jpg\" data-width=\"169\" data-height=\"300\" aria-label=\"\" role=\"img\" ><\/div>\n\t\t\t\t\t\t\t\t\t\t\t<div class=\"elementor-gallery-item__overlay\"><\/div>\n\t\t\t\t\t\t\t\t\t\t\t\t\t\t<\/a>\n\t\t\t\t\t\t\t<a class=\"e-gallery-item elementor-gallery-item elementor-animated-content\" href=\"https:\/\/asv-schlangen.de\/wp-content\/uploads\/2026\/03\/Bild-J-Anangeln-1-scaled.jpg\" data-elementor-open-lightbox=\"yes\" data-elementor-lightbox-slideshow=\"07f95a0\" data-elementor-lightbox-title=\"Bild J-Anangeln 1\" data-e-action-hash=\"#elementor-action%3Aaction%3Dlightbox%26settings%3DeyJpZCI6MTI2OSwidXJsIjoiaHR0cHM6XC9cL2Fzdi1zY2hsYW5nZW4uZGVcL3dwLWNvbnRlbnRcL3VwbG9hZHNcLzIwMjZcLzAzXC9CaWxkLUotQW5hbmdlbG4tMS1zY2FsZWQuanBnIiwic2xpZGVzaG93IjoiMDdmOTVhMCJ9\">\n\t\t\t\t\t<div class=\"e-gallery-image elementor-gallery-item__image\" data-thumbnail=\"https:\/\/asv-schlangen.de\/wp-content\/uploads\/2026\/03\/Bild-J-Anangeln-1-300x225.jpg\" data-width=\"300\" data-height=\"225\" aria-label=\"\" role=\"img\" ><\/div>\n\t\t\t\t\t\t\t\t\t\t\t<div class=\"elementor-gallery-item__overlay\"><\/div>\n\t\t\t\t\t\t\t\t\t\t\t\t\t\t<\/a>\n\t\t\t\t\t<\/div>\n\t\t\t\t\t<\/div>\n\t\t\t\t<\/div>\n\t\t\t\t\t<\/div>\n\t\t<\/div>\n\t\t\t\t\t<\/div>\n\t\t<\/section>\n\t\t\t\t<\/div>\n\t\t","protected":false},"excerpt":{"rendered":"<p>Jugend-Anangeln 2026 Um 7 Uhr trafen wir uns am Ochsensee auch mit unseren Vereinsfreunden aus Albaxen, die mit 10 Kindern angereist waren. Zusammen gingen 32 Jugendliche an den Start. Die Temperaturen waren in der Nacht, v\u00f6llig unpassend auf 0 \u00b0C gesunken, der Morgen begr\u00fc\u00dfte uns mit leichten Graupelschauern, die in einen leichten Dauerregen \u00fcbergingen.Unbeeindruckt angelten [&hellip;]<\/p>\n","protected":false},"author":4,"featured_media":0,"parent":20,"menu_order":0,"comment_status":"closed","ping_status":"closed","template":"","meta":{"footnotes":""},"class_list":["post-1272","page","type-page","status-publish","hentry"],"_links":{"self":[{"href":"https:\/\/asv-schlangen.de\/index.php?rest_route=\/wp\/v2\/pages\/1272","targetHints":{"allow":["GET"]}}],"collection":[{"href":"https:\/\/asv-schlangen.de\/index.php?rest_route=\/wp\/v2\/pages"}],"about":[{"href":"https:\/\/asv-schlangen.de\/index.php?rest_route=\/wp\/v2\/types\/page"}],"author":[{"embeddable":true,"href":"https:\/\/asv-schlangen.de\/index.php?rest_route=\/wp\/v2\/users\/4"}],"replies":[{"embeddable":true,"href":"https:\/\/asv-schlangen.de\/index.php?rest_route=%2Fwp%2Fv2%2Fcomments&post=1272"}],"version-history":[{"count":4,"href":"https:\/\/asv-schlangen.de\/index.php?rest_route=\/wp\/v2\/pages\/1272\/revisions"}],"predecessor-version":[{"id":1277,"href":"https:\/\/asv-schlangen.de\/index.php?rest_route=\/wp\/v2\/pages\/1272\/revisions\/1277"}],"up":[{"embeddable":true,"href":"https:\/\/asv-schlangen.de\/index.php?rest_route=\/wp\/v2\/pages\/20"}],"wp:attachment":[{"href":"https:\/\/asv-schlangen.de\/index.php?rest_route=%2Fwp%2Fv2%2Fmedia&parent=1272"}],"curies":[{"name":"wp","href":"https:\/\/api.w.org\/{rel}","templated":true}]}}