{"id":24,"date":"2022-11-22T08:27:34","date_gmt":"2022-11-22T08:27:34","guid":{"rendered":"https:\/\/asv-schlangen.de\/?page_id=24"},"modified":"2026-01-29T06:38:05","modified_gmt":"2026-01-29T06:38:05","slug":"ochsensee","status":"publish","type":"page","link":"https:\/\/asv-schlangen.de\/?page_id=24","title":{"rendered":"Ochsensee"},"content":{"rendered":"\t\t<div data-elementor-type=\"wp-page\" data-elementor-id=\"24\" class=\"elementor elementor-24\" data-elementor-post-type=\"page\">\n\t\t\t\t\t\t<section class=\"elementor-section elementor-top-section elementor-element elementor-element-aa0043c elementor-section-boxed elementor-section-height-default elementor-section-height-default\" data-id=\"aa0043c\" data-element_type=\"section\" data-e-type=\"section\">\n\t\t\t\t\t\t<div class=\"elementor-container elementor-column-gap-default\">\n\t\t\t\t\t<div class=\"elementor-column elementor-col-100 elementor-top-column elementor-element elementor-element-b2974fa\" data-id=\"b2974fa\" data-element_type=\"column\" data-e-type=\"column\">\n\t\t\t<div class=\"elementor-widget-wrap elementor-element-populated\">\n\t\t\t\t\t\t<div class=\"elementor-element elementor-element-9101a04 elementor-widget elementor-widget-heading\" data-id=\"9101a04\" data-element_type=\"widget\" data-e-type=\"widget\" data-widget_type=\"heading.default\">\n\t\t\t\t<div class=\"elementor-widget-container\">\n\t\t\t\t\t<h1 class=\"elementor-heading-title elementor-size-default\">Ochsensee<\/h1>\t\t\t\t<\/div>\n\t\t\t\t<\/div>\n\t\t\t\t<div class=\"elementor-element elementor-element-ea2716c elementor-widget elementor-widget-image\" data-id=\"ea2716c\" data-element_type=\"widget\" data-e-type=\"widget\" data-widget_type=\"image.default\">\n\t\t\t\t<div class=\"elementor-widget-container\">\n\t\t\t\t\t\t\t\t\t\t\t\t\t\t\t<img fetchpriority=\"high\" decoding=\"async\" width=\"800\" height=\"450\" src=\"https:\/\/asv-schlangen.de\/wp-content\/uploads\/2022\/11\/ochsensee-e1667494552595-1536x864-1-1024x576.jpg\" class=\"attachment-large size-large wp-image-379\" alt=\"\" srcset=\"https:\/\/asv-schlangen.de\/wp-content\/uploads\/2022\/11\/ochsensee-e1667494552595-1536x864-1-1024x576.jpg 1024w, https:\/\/asv-schlangen.de\/wp-content\/uploads\/2022\/11\/ochsensee-e1667494552595-1536x864-1-300x169.jpg 300w, https:\/\/asv-schlangen.de\/wp-content\/uploads\/2022\/11\/ochsensee-e1667494552595-1536x864-1-768x432.jpg 768w, https:\/\/asv-schlangen.de\/wp-content\/uploads\/2022\/11\/ochsensee-e1667494552595-1536x864-1.jpg 1536w\" sizes=\"(max-width: 800px) 100vw, 800px\" \/>\t\t\t\t\t\t\t\t\t\t\t\t\t\t\t<\/div>\n\t\t\t\t<\/div>\n\t\t\t\t<div class=\"elementor-element elementor-element-cb99a54 elementor-widget elementor-widget-text-editor\" data-id=\"cb99a54\" data-element_type=\"widget\" data-e-type=\"widget\" data-widget_type=\"text-editor.default\">\n\t\t\t\t<div class=\"elementor-widget-container\">\n\t\t\t\t\t\t\t\t\t<p>Der Baggersee Ochsenwiese wurde im Jahre 1979 ausgebaggert, da der Aushub zum Bau der Auffahrten der B1 neu ben\u00f6tigt wurde. Seinen Namen bekam das Gew\u00e4sser durch den Namen der Wiese auf dem die Baggerarbeiten durchgef\u00fchrt wurden.<\/p><p>Die Lage der Ochsenwiese ist sehr zentral im Ort und so bot es sich f\u00fcr den Verein an hier das Vereinsheim als Treffpunkt zu errichten.<\/p><p>Der See ist ca. 1,5 ha gro\u00df und ist im Mittel zwischen 4 und 5,5 Meter tief. Nahezu alle Fischarten aus der Region sind in diesem kleinen See heimisch.<\/p><p>Durch den Besatz mit Teichmuscheln war es auch m\u00f6glich einen Bestand an Bitterlingen anzusiedeln.<\/p>\t\t\t\t\t\t\t\t<\/div>\n\t\t\t\t<\/div>\n\t\t\t\t\t<\/div>\n\t\t<\/div>\n\t\t\t\t\t<\/div>\n\t\t<\/section>\n\t\t\t\t<section class=\"elementor-section elementor-top-section elementor-element elementor-element-c8c14f4 elementor-section-boxed elementor-section-height-default elementor-section-height-default\" data-id=\"c8c14f4\" data-element_type=\"section\" data-e-type=\"section\">\n\t\t\t\t\t\t<div class=\"elementor-container elementor-column-gap-default\">\n\t\t\t\t\t<div class=\"elementor-column elementor-col-100 elementor-top-column elementor-element elementor-element-4e2f4c6\" data-id=\"4e2f4c6\" data-element_type=\"column\" data-e-type=\"column\">\n\t\t\t<div class=\"elementor-widget-wrap elementor-element-populated\">\n\t\t\t\t\t\t<div class=\"elementor-element elementor-element-7747d25 elementor-widget elementor-widget-image\" data-id=\"7747d25\" data-element_type=\"widget\" data-e-type=\"widget\" data-widget_type=\"image.default\">\n\t\t\t\t<div class=\"elementor-widget-container\">\n\t\t\t\t\t\t\t\t\t\t\t\t\t\t\t<img decoding=\"async\" width=\"800\" height=\"450\" src=\"https:\/\/asv-schlangen.de\/wp-content\/uploads\/2026\/01\/Oseetest-1024x576.jpg\" class=\"attachment-large size-large wp-image-1035\" alt=\"\" srcset=\"https:\/\/asv-schlangen.de\/wp-content\/uploads\/2026\/01\/Oseetest-1024x576.jpg 1024w, https:\/\/asv-schlangen.de\/wp-content\/uploads\/2026\/01\/Oseetest-300x169.jpg 300w, https:\/\/asv-schlangen.de\/wp-content\/uploads\/2026\/01\/Oseetest-768x432.jpg 768w, https:\/\/asv-schlangen.de\/wp-content\/uploads\/2026\/01\/Oseetest.jpg 1280w\" sizes=\"(max-width: 800px) 100vw, 800px\" \/>\t\t\t\t\t\t\t\t\t\t\t\t\t\t\t<\/div>\n\t\t\t\t<\/div>\n\t\t\t\t<div class=\"elementor-element elementor-element-2586124 elementor-widget elementor-widget-html\" data-id=\"2586124\" data-element_type=\"widget\" data-e-type=\"widget\" data-widget_type=\"html.default\">\n\t\t\t\t<div class=\"elementor-widget-container\">\n\t\t\t\t\t<iframe width=\"425\" height=\"350\" frameborder=\"0\" scrolling=\"no\" marginheight=\"0\" marginwidth=\"0\" src=\"https:\/\/www.openstreetmap.org\/export\/embed.html?bbox=8.82607161998749%2C51.808820391086144%2C8.8325572013855%2C51.81149361402339&amp;layer=mapnik\" style=\"border: 0px solid black\"><\/iframe><br\/><small><a href=\"https:\/\/www.openstreetmap.org\/#map=18\/51.81016\/8.82931\">Gr\u00f6\u00dfere Karte anzeigen<\/a><\/small>\t\t\t\t<\/div>\n\t\t\t\t<\/div>\n\t\t\t\t\t<\/div>\n\t\t<\/div>\n\t\t\t\t\t<\/div>\n\t\t<\/section>\n\t\t\t\t<section class=\"elementor-section elementor-top-section elementor-element elementor-element-03bc3b8 elementor-section-boxed elementor-section-height-default elementor-section-height-default\" data-id=\"03bc3b8\" data-element_type=\"section\" data-e-type=\"section\">\n\t\t\t\t\t\t<div class=\"elementor-container elementor-column-gap-default\">\n\t\t\t\t\t<div class=\"elementor-column elementor-col-100 elementor-top-column elementor-element elementor-element-e69fd5b\" data-id=\"e69fd5b\" data-element_type=\"column\" data-e-type=\"column\">\n\t\t\t<div class=\"elementor-widget-wrap elementor-element-populated\">\n\t\t\t\t\t\t<div class=\"elementor-element elementor-element-8adc785 elementor-widget elementor-widget-google_maps\" data-id=\"8adc785\" data-element_type=\"widget\" data-e-type=\"widget\" data-widget_type=\"google_maps.default\">\n\t\t\t\t<div class=\"elementor-widget-container\">\n\t\t\t\t\t\t\t<div class=\"elementor-custom-embed\">\n\t\t\t<iframe loading=\"lazy\"\n\t\t\t\t\tsrc=\"https:\/\/maps.google.com\/maps?q=An%20der%20Herrenwiese%203%2C%2033189&#038;t=m&#038;z=10&#038;output=embed&#038;iwloc=near\"\n\t\t\t\t\ttitle=\"An der Herrenwiese 3, 33189\"\n\t\t\t\t\taria-label=\"An der Herrenwiese 3, 33189\"\n\t\t\t><\/iframe>\n\t\t<\/div>\n\t\t\t\t\t\t<\/div>\n\t\t\t\t<\/div>\n\t\t\t\t\t<\/div>\n\t\t<\/div>\n\t\t\t\t\t<\/div>\n\t\t<\/section>\n\t\t\t\t<section class=\"elementor-section elementor-top-section elementor-element elementor-element-ee1c860 elementor-section-boxed elementor-section-height-default elementor-section-height-default\" data-id=\"ee1c860\" data-element_type=\"section\" data-e-type=\"section\">\n\t\t\t\t\t\t<div class=\"elementor-container elementor-column-gap-default\">\n\t\t\t\t\t<div class=\"elementor-column elementor-col-100 elementor-top-column elementor-element elementor-element-098bde5\" data-id=\"098bde5\" data-element_type=\"column\" data-e-type=\"column\">\n\t\t\t<div class=\"elementor-widget-wrap\">\n\t\t\t\t\t\t\t<\/div>\n\t\t<\/div>\n\t\t\t\t\t<\/div>\n\t\t<\/section>\n\t\t\t\t<\/div>\n\t\t","protected":false},"excerpt":{"rendered":"<p>Ochsensee Der Baggersee Ochsenwiese wurde im Jahre 1979 ausgebaggert, da der Aushub zum Bau der Auffahrten der B1 neu ben\u00f6tigt wurde. Seinen Namen bekam das Gew\u00e4sser durch den Namen der Wiese auf dem die Baggerarbeiten durchgef\u00fchrt wurden. Die Lage der Ochsenwiese ist sehr zentral im Ort und so bot es sich f\u00fcr den Verein an [&hellip;]<\/p>\n","protected":false},"author":1,"featured_media":0,"parent":22,"menu_order":0,"comment_status":"closed","ping_status":"closed","template":"","meta":{"footnotes":""},"class_list":["post-24","page","type-page","status-publish","hentry"],"_links":{"self":[{"href":"https:\/\/asv-schlangen.de\/index.php?rest_route=\/wp\/v2\/pages\/24","targetHints":{"allow":["GET"]}}],"collection":[{"href":"https:\/\/asv-schlangen.de\/index.php?rest_route=\/wp\/v2\/pages"}],"about":[{"href":"https:\/\/asv-schlangen.de\/index.php?rest_route=\/wp\/v2\/types\/page"}],"author":[{"embeddable":true,"href":"https:\/\/asv-schlangen.de\/index.php?rest_route=\/wp\/v2\/users\/1"}],"replies":[{"embeddable":true,"href":"https:\/\/asv-schlangen.de\/index.php?rest_route=%2Fwp%2Fv2%2Fcomments&post=24"}],"version-history":[{"count":16,"href":"https:\/\/asv-schlangen.de\/index.php?rest_route=\/wp\/v2\/pages\/24\/revisions"}],"predecessor-version":[{"id":1058,"href":"https:\/\/asv-schlangen.de\/index.php?rest_route=\/wp\/v2\/pages\/24\/revisions\/1058"}],"up":[{"embeddable":true,"href":"https:\/\/asv-schlangen.de\/index.php?rest_route=\/wp\/v2\/pages\/22"}],"wp:attachment":[{"href":"https:\/\/asv-schlangen.de\/index.php?rest_route=%2Fwp%2Fv2%2Fmedia&parent=24"}],"curies":[{"name":"wp","href":"https:\/\/api.w.org\/{rel}","templated":true}]}}