{"id":26,"date":"2022-11-22T08:27:49","date_gmt":"2022-11-22T08:27:49","guid":{"rendered":"https:\/\/asv-schlangen.de\/?page_id=26"},"modified":"2026-01-29T06:40:19","modified_gmt":"2026-01-29T06:40:19","slug":"haverkampsee","status":"publish","type":"page","link":"https:\/\/asv-schlangen.de\/?page_id=26","title":{"rendered":"Haverkampsee"},"content":{"rendered":"\t\t<div data-elementor-type=\"wp-page\" data-elementor-id=\"26\" class=\"elementor elementor-26\" data-elementor-post-type=\"page\">\n\t\t\t\t\t\t<section class=\"elementor-section elementor-top-section elementor-element elementor-element-49d277e elementor-section-boxed elementor-section-height-default elementor-section-height-default\" data-id=\"49d277e\" data-element_type=\"section\" data-e-type=\"section\">\n\t\t\t\t\t\t<div class=\"elementor-container elementor-column-gap-default\">\n\t\t\t\t\t<div class=\"elementor-column elementor-col-100 elementor-top-column elementor-element elementor-element-ee1e898\" data-id=\"ee1e898\" data-element_type=\"column\" data-e-type=\"column\">\n\t\t\t<div class=\"elementor-widget-wrap elementor-element-populated\">\n\t\t\t\t\t\t<div class=\"elementor-element elementor-element-9890307 elementor-widget elementor-widget-heading\" data-id=\"9890307\" data-element_type=\"widget\" data-e-type=\"widget\" data-widget_type=\"heading.default\">\n\t\t\t\t<div class=\"elementor-widget-container\">\n\t\t\t\t\t<h1 class=\"elementor-heading-title elementor-size-default\">Haverkampsee<\/h1>\t\t\t\t<\/div>\n\t\t\t\t<\/div>\n\t\t\t\t<div class=\"elementor-element elementor-element-48a366c elementor-widget elementor-widget-image\" data-id=\"48a366c\" data-element_type=\"widget\" data-e-type=\"widget\" data-widget_type=\"image.default\">\n\t\t\t\t<div class=\"elementor-widget-container\">\n\t\t\t\t\t\t\t\t\t\t\t\t\t\t\t<img fetchpriority=\"high\" decoding=\"async\" width=\"800\" height=\"450\" src=\"https:\/\/asv-schlangen.de\/wp-content\/uploads\/2022\/11\/haverkampsee-1024x576.jpeg\" class=\"attachment-large size-large wp-image-102\" alt=\"\" srcset=\"https:\/\/asv-schlangen.de\/wp-content\/uploads\/2022\/11\/haverkampsee-1024x576.jpeg 1024w, https:\/\/asv-schlangen.de\/wp-content\/uploads\/2022\/11\/haverkampsee-300x169.jpeg 300w, https:\/\/asv-schlangen.de\/wp-content\/uploads\/2022\/11\/haverkampsee-768x432.jpeg 768w, https:\/\/asv-schlangen.de\/wp-content\/uploads\/2022\/11\/haverkampsee-1536x864.jpeg 1536w, https:\/\/asv-schlangen.de\/wp-content\/uploads\/2022\/11\/haverkampsee-2048x1152.jpeg 2048w\" sizes=\"(max-width: 800px) 100vw, 800px\" \/>\t\t\t\t\t\t\t\t\t\t\t\t\t\t\t<\/div>\n\t\t\t\t<\/div>\n\t\t\t\t<div class=\"elementor-element elementor-element-424ad6a elementor-widget elementor-widget-text-editor\" data-id=\"424ad6a\" data-element_type=\"widget\" data-e-type=\"widget\" data-widget_type=\"text-editor.default\">\n\t\t\t\t<div class=\"elementor-widget-container\">\n\t\t\t\t\t\t\t\t\t<p>Der Haverkampsee ist ca. 6,5 ha gro\u00df und liegt zwischen Schlangen und Oesterholz. Er darf vom Kanal\u00fcberlauf am Parkplatz bis zum Auslauf nicht beangelt werden. So ist das gesamte S\u00fcdufer Vogelschutzgebiet.<\/p><p>In diesem See k\u00f6nnen fast alle heimischen Fischarten \u00fcberlistet werden. Besonders Karpfen wachsen hier zu gro\u00dfen Exemplaren heran.<\/p><p>Der See bietet den Fischen einen interessanten Lebensraum mit Tiefen zwischen 1 und 6 Metern.<\/p><p>Leider kommt es in Jahren mit geringen Niederschl\u00e4gen immer wieder vor, dass der See trocken f\u00e4llt und nur kleine Becken \u00fcbrig bleiben.<\/p>\t\t\t\t\t\t\t\t<\/div>\n\t\t\t\t<\/div>\n\t\t\t\t\t<\/div>\n\t\t<\/div>\n\t\t\t\t\t<\/div>\n\t\t<\/section>\n\t\t\t\t<section class=\"elementor-section elementor-top-section elementor-element elementor-element-c5b0541 elementor-section-boxed elementor-section-height-default elementor-section-height-default\" data-id=\"c5b0541\" data-element_type=\"section\" data-e-type=\"section\">\n\t\t\t\t\t\t<div class=\"elementor-container elementor-column-gap-default\">\n\t\t\t\t\t<div class=\"elementor-column elementor-col-100 elementor-top-column elementor-element elementor-element-b7293ac\" data-id=\"b7293ac\" data-element_type=\"column\" data-e-type=\"column\">\n\t\t\t<div class=\"elementor-widget-wrap elementor-element-populated\">\n\t\t\t\t\t\t<div class=\"elementor-element elementor-element-dded7ae elementor-widget elementor-widget-image\" data-id=\"dded7ae\" data-element_type=\"widget\" data-e-type=\"widget\" data-widget_type=\"image.default\">\n\t\t\t\t<div class=\"elementor-widget-container\">\n\t\t\t\t\t\t\t\t\t\t\t\t\t\t\t<img decoding=\"async\" width=\"800\" height=\"450\" src=\"https:\/\/asv-schlangen.de\/wp-content\/uploads\/2026\/01\/haverkamptest-1024x576.jpg\" class=\"attachment-large size-large wp-image-1040\" alt=\"\" srcset=\"https:\/\/asv-schlangen.de\/wp-content\/uploads\/2026\/01\/haverkamptest-1024x576.jpg 1024w, https:\/\/asv-schlangen.de\/wp-content\/uploads\/2026\/01\/haverkamptest-300x169.jpg 300w, https:\/\/asv-schlangen.de\/wp-content\/uploads\/2026\/01\/haverkamptest-768x432.jpg 768w, https:\/\/asv-schlangen.de\/wp-content\/uploads\/2026\/01\/haverkamptest.jpg 1280w\" sizes=\"(max-width: 800px) 100vw, 800px\" \/>\t\t\t\t\t\t\t\t\t\t\t\t\t\t\t<\/div>\n\t\t\t\t<\/div>\n\t\t\t\t\t<\/div>\n\t\t<\/div>\n\t\t\t\t\t<\/div>\n\t\t<\/section>\n\t\t\t\t<section class=\"elementor-section elementor-top-section elementor-element elementor-element-f556951 elementor-section-boxed elementor-section-height-default elementor-section-height-default\" data-id=\"f556951\" data-element_type=\"section\" data-e-type=\"section\">\n\t\t\t\t\t\t<div class=\"elementor-container elementor-column-gap-default\">\n\t\t\t\t\t<div class=\"elementor-column elementor-col-100 elementor-top-column elementor-element elementor-element-cecb60e\" data-id=\"cecb60e\" data-element_type=\"column\" data-e-type=\"column\">\n\t\t\t<div class=\"elementor-widget-wrap elementor-element-populated\">\n\t\t\t\t\t\t<div class=\"elementor-element elementor-element-b634076 elementor-widget elementor-widget-html\" data-id=\"b634076\" data-element_type=\"widget\" data-e-type=\"widget\" data-widget_type=\"html.default\">\n\t\t\t\t<div class=\"elementor-widget-container\">\n\t\t\t\t\t<iframe width=\"425\" height=\"350\" frameborder=\"0\" scrolling=\"no\" marginheight=\"0\" marginwidth=\"0\" src=\"https:\/\/www.openstreetmap.org\/export\/embed.html?bbox=8.833415508270265%2C51.81783442186363%2C8.846386671066286%2C51.82317963989288&amp;layer=mapnik\" style=\"border: 0px solid black\"><\/iframe><br\/><small><a href=\"https:\/\/www.openstreetmap.org\/#map=17\/51.82051\/8.83990\">Gr\u00f6\u00dfere Karte anzeigen<\/a><\/small>\t\t\t\t<\/div>\n\t\t\t\t<\/div>\n\t\t\t\t\t<\/div>\n\t\t<\/div>\n\t\t\t\t\t<\/div>\n\t\t<\/section>\n\t\t\t\t<section class=\"elementor-section elementor-top-section elementor-element elementor-element-4f52c25 elementor-section-boxed elementor-section-height-default elementor-section-height-default\" data-id=\"4f52c25\" data-element_type=\"section\" data-e-type=\"section\">\n\t\t\t\t\t\t<div class=\"elementor-container elementor-column-gap-default\">\n\t\t\t\t\t<div class=\"elementor-column elementor-col-100 elementor-top-column elementor-element elementor-element-ebfd991\" data-id=\"ebfd991\" data-element_type=\"column\" data-e-type=\"column\">\n\t\t\t<div class=\"elementor-widget-wrap elementor-element-populated\">\n\t\t\t\t\t\t<div class=\"elementor-element elementor-element-71eb227 elementor-widget elementor-widget-google_maps\" data-id=\"71eb227\" data-element_type=\"widget\" data-e-type=\"widget\" data-widget_type=\"google_maps.default\">\n\t\t\t\t<div class=\"elementor-widget-container\">\n\t\t\t\t\t\t\t<div class=\"elementor-custom-embed\">\n\t\t\t<iframe loading=\"lazy\"\n\t\t\t\t\tsrc=\"https:\/\/maps.google.com\/maps?q=Parkplatz%20Haverkampsee%2C%2033189%20Schlangen&#038;t=m&#038;z=10&#038;output=embed&#038;iwloc=near\"\n\t\t\t\t\ttitle=\"Parkplatz Haverkampsee, 33189 Schlangen\"\n\t\t\t\t\taria-label=\"Parkplatz Haverkampsee, 33189 Schlangen\"\n\t\t\t><\/iframe>\n\t\t<\/div>\n\t\t\t\t\t\t<\/div>\n\t\t\t\t<\/div>\n\t\t\t\t\t<\/div>\n\t\t<\/div>\n\t\t\t\t\t<\/div>\n\t\t<\/section>\n\t\t\t\t<\/div>\n\t\t","protected":false},"excerpt":{"rendered":"<p>Haverkampsee Der Haverkampsee ist ca. 6,5 ha gro\u00df und liegt zwischen Schlangen und Oesterholz. Er darf vom Kanal\u00fcberlauf am Parkplatz bis zum Auslauf nicht beangelt werden. So ist das gesamte S\u00fcdufer Vogelschutzgebiet. In diesem See k\u00f6nnen fast alle heimischen Fischarten \u00fcberlistet werden. Besonders Karpfen wachsen hier zu gro\u00dfen Exemplaren heran. Der See bietet den Fischen [&hellip;]<\/p>\n","protected":false},"author":1,"featured_media":0,"parent":22,"menu_order":0,"comment_status":"closed","ping_status":"closed","template":"","meta":{"footnotes":""},"class_list":["post-26","page","type-page","status-publish","hentry"],"_links":{"self":[{"href":"https:\/\/asv-schlangen.de\/index.php?rest_route=\/wp\/v2\/pages\/26","targetHints":{"allow":["GET"]}}],"collection":[{"href":"https:\/\/asv-schlangen.de\/index.php?rest_route=\/wp\/v2\/pages"}],"about":[{"href":"https:\/\/asv-schlangen.de\/index.php?rest_route=\/wp\/v2\/types\/page"}],"author":[{"embeddable":true,"href":"https:\/\/asv-schlangen.de\/index.php?rest_route=\/wp\/v2\/users\/1"}],"replies":[{"embeddable":true,"href":"https:\/\/asv-schlangen.de\/index.php?rest_route=%2Fwp%2Fv2%2Fcomments&post=26"}],"version-history":[{"count":16,"href":"https:\/\/asv-schlangen.de\/index.php?rest_route=\/wp\/v2\/pages\/26\/revisions"}],"predecessor-version":[{"id":1061,"href":"https:\/\/asv-schlangen.de\/index.php?rest_route=\/wp\/v2\/pages\/26\/revisions\/1061"}],"up":[{"embeddable":true,"href":"https:\/\/asv-schlangen.de\/index.php?rest_route=\/wp\/v2\/pages\/22"}],"wp:attachment":[{"href":"https:\/\/asv-schlangen.de\/index.php?rest_route=%2Fwp%2Fv2%2Fmedia&parent=26"}],"curies":[{"name":"wp","href":"https:\/\/api.w.org\/{rel}","templated":true}]}}