{"id":28,"date":"2022-11-22T08:28:10","date_gmt":"2022-11-22T08:28:10","guid":{"rendered":"https:\/\/asv-schlangen.de\/?page_id=28"},"modified":"2026-01-29T06:25:05","modified_gmt":"2026-01-29T06:25:05","slug":"teich-schlueter","status":"publish","type":"page","link":"https:\/\/asv-schlangen.de\/?page_id=28","title":{"rendered":"Teich Schl\u00fcter"},"content":{"rendered":"\t\t<div data-elementor-type=\"wp-page\" data-elementor-id=\"28\" class=\"elementor elementor-28\" data-elementor-post-type=\"page\">\n\t\t\t\t\t\t<section class=\"elementor-section elementor-top-section elementor-element elementor-element-b49b989 elementor-section-boxed elementor-section-height-default elementor-section-height-default\" data-id=\"b49b989\" data-element_type=\"section\" data-e-type=\"section\">\n\t\t\t\t\t\t<div class=\"elementor-container elementor-column-gap-default\">\n\t\t\t\t\t<div class=\"elementor-column elementor-col-100 elementor-top-column elementor-element elementor-element-cdd5e32\" data-id=\"cdd5e32\" data-element_type=\"column\" data-e-type=\"column\">\n\t\t\t<div class=\"elementor-widget-wrap elementor-element-populated\">\n\t\t\t\t\t\t<div class=\"elementor-element elementor-element-94e477d elementor-widget elementor-widget-heading\" data-id=\"94e477d\" data-element_type=\"widget\" data-e-type=\"widget\" data-widget_type=\"heading.default\">\n\t\t\t\t<div class=\"elementor-widget-container\">\n\t\t\t\t\t<h1 class=\"elementor-heading-title elementor-size-default\">Teich Schl\u00fcter<\/h1>\t\t\t\t<\/div>\n\t\t\t\t<\/div>\n\t\t\t\t<div class=\"elementor-element elementor-element-ec861c5 elementor-widget elementor-widget-image\" data-id=\"ec861c5\" data-element_type=\"widget\" data-e-type=\"widget\" data-widget_type=\"image.default\">\n\t\t\t\t<div class=\"elementor-widget-container\">\n\t\t\t\t\t\t\t\t\t\t\t\t\t\t\t<img fetchpriority=\"high\" decoding=\"async\" width=\"800\" height=\"450\" src=\"https:\/\/asv-schlangen.de\/wp-content\/uploads\/2022\/11\/tallesee-1024x576.jpeg\" class=\"attachment-large size-large wp-image-104\" alt=\"\" srcset=\"https:\/\/asv-schlangen.de\/wp-content\/uploads\/2022\/11\/tallesee-1024x576.jpeg 1024w, https:\/\/asv-schlangen.de\/wp-content\/uploads\/2022\/11\/tallesee-300x169.jpeg 300w, https:\/\/asv-schlangen.de\/wp-content\/uploads\/2022\/11\/tallesee-768x432.jpeg 768w, https:\/\/asv-schlangen.de\/wp-content\/uploads\/2022\/11\/tallesee.jpeg 1280w\" sizes=\"(max-width: 800px) 100vw, 800px\" \/>\t\t\t\t\t\t\t\t\t\t\t\t\t\t\t<\/div>\n\t\t\t\t<\/div>\n\t\t\t\t<div class=\"elementor-element elementor-element-14a2e69 elementor-widget elementor-widget-text-editor\" data-id=\"14a2e69\" data-element_type=\"widget\" data-e-type=\"widget\" data-widget_type=\"text-editor.default\">\n\t\t\t\t<div class=\"elementor-widget-container\">\n\t\t\t\t\t\t\t\t\t<p>Der Teich Schl\u00fcter ist ein Privatsee und liegt am Kurwald von Bad Lippspringe. Da dieser idyllische Teich komplett eingez\u00e4unt ist, kann man hier seinem Hobby in aller Ruhe nachgehen.<\/p><p>Die Gew\u00e4sserfl\u00e4che betr\u00e4gt ca. 1,8 ha und durch den starken Bewuchs mit Wasserpflanzen f\u00fchlen sich hier besonders Schleien, Karpfen und Aale sehr wohl und wachsen zu ansehnlichen Exemplaren heran.<\/p><p>Aber auch der Bestand an Raubfischen ist nicht zu untersch\u00e4tzen. Die Gew\u00e4ssertiefe ist gering und liegt zwischen 1,5 und 2 Metern.<\/p>\t\t\t\t\t\t\t\t<\/div>\n\t\t\t\t<\/div>\n\t\t\t\t\t<\/div>\n\t\t<\/div>\n\t\t\t\t\t<\/div>\n\t\t<\/section>\n\t\t\t\t<section class=\"elementor-section elementor-top-section elementor-element elementor-element-b1223c4 elementor-section-boxed elementor-section-height-default elementor-section-height-default\" data-id=\"b1223c4\" data-element_type=\"section\" data-e-type=\"section\">\n\t\t\t\t\t\t<div class=\"elementor-container elementor-column-gap-default\">\n\t\t\t\t\t<div class=\"elementor-column elementor-col-100 elementor-top-column elementor-element elementor-element-feecd30\" data-id=\"feecd30\" data-element_type=\"column\" data-e-type=\"column\">\n\t\t\t<div class=\"elementor-widget-wrap elementor-element-populated\">\n\t\t\t\t\t\t<div class=\"elementor-element elementor-element-00edce1 elementor-widget elementor-widget-image\" data-id=\"00edce1\" data-element_type=\"widget\" data-e-type=\"widget\" data-widget_type=\"image.default\">\n\t\t\t\t<div class=\"elementor-widget-container\">\n\t\t\t\t\t\t\t\t\t\t\t\t\t\t\t<img decoding=\"async\" width=\"800\" height=\"450\" src=\"https:\/\/asv-schlangen.de\/wp-content\/uploads\/2026\/01\/Test-Schlueter-1024x576.jpg\" class=\"attachment-large size-large wp-image-1030\" alt=\"\" srcset=\"https:\/\/asv-schlangen.de\/wp-content\/uploads\/2026\/01\/Test-Schlueter-1024x576.jpg 1024w, https:\/\/asv-schlangen.de\/wp-content\/uploads\/2026\/01\/Test-Schlueter-300x169.jpg 300w, https:\/\/asv-schlangen.de\/wp-content\/uploads\/2026\/01\/Test-Schlueter-768x432.jpg 768w, https:\/\/asv-schlangen.de\/wp-content\/uploads\/2026\/01\/Test-Schlueter.jpg 1280w\" sizes=\"(max-width: 800px) 100vw, 800px\" \/>\t\t\t\t\t\t\t\t\t\t\t\t\t\t\t<\/div>\n\t\t\t\t<\/div>\n\t\t\t\t<div class=\"elementor-element elementor-element-69f6396 elementor-widget elementor-widget-html\" data-id=\"69f6396\" data-element_type=\"widget\" data-e-type=\"widget\" data-widget_type=\"html.default\">\n\t\t\t\t<div class=\"elementor-widget-container\">\n\t\t\t\t\t<iframe width=\"425\" height=\"350\" frameborder=\"0\" scrolling=\"no\" marginheight=\"0\" marginwidth=\"0\" src=\"https:\/\/www.openstreetmap.org\/export\/embed.html?bbox=8.807011842727663%2C51.79674247875472%2C8.813497424125673%2C51.799416417970676&amp;layer=mapnik\" style=\"border: 0px solid black\"><\/iframe><br\/><small><a href=\"https:\/\/www.openstreetmap.org\/#map=18\/51.79808\/8.81025\">Gr\u00f6\u00dfere Karte anzeigen<\/a><\/small>\t\t\t\t<\/div>\n\t\t\t\t<\/div>\n\t\t\t\t\t<\/div>\n\t\t<\/div>\n\t\t\t\t\t<\/div>\n\t\t<\/section>\n\t\t\t\t<section class=\"elementor-section elementor-top-section elementor-element elementor-element-ae5f7f4 elementor-section-boxed elementor-section-height-default elementor-section-height-default\" data-id=\"ae5f7f4\" data-element_type=\"section\" data-e-type=\"section\">\n\t\t\t\t\t\t<div class=\"elementor-container elementor-column-gap-default\">\n\t\t\t\t\t<div class=\"elementor-column elementor-col-100 elementor-top-column elementor-element elementor-element-4304069\" data-id=\"4304069\" data-element_type=\"column\" data-e-type=\"column\">\n\t\t\t<div class=\"elementor-widget-wrap elementor-element-populated\">\n\t\t\t\t\t\t<div class=\"elementor-element elementor-element-2a97112 elementor-widget elementor-widget-google_maps\" data-id=\"2a97112\" data-element_type=\"widget\" data-e-type=\"widget\" data-widget_type=\"google_maps.default\">\n\t\t\t\t<div class=\"elementor-widget-container\">\n\t\t\t\t\t\t\t<div class=\"elementor-custom-embed\">\n\t\t\t<iframe loading=\"lazy\"\n\t\t\t\t\tsrc=\"https:\/\/maps.google.com\/maps?q=Schl%C3%BCter%20Teich%2C%2033175&#038;t=m&#038;z=10&#038;output=embed&#038;iwloc=near\"\n\t\t\t\t\ttitle=\"Schl\u00fcter Teich, 33175\"\n\t\t\t\t\taria-label=\"Schl\u00fcter Teich, 33175\"\n\t\t\t><\/iframe>\n\t\t<\/div>\n\t\t\t\t\t\t<\/div>\n\t\t\t\t<\/div>\n\t\t\t\t\t<\/div>\n\t\t<\/div>\n\t\t\t\t\t<\/div>\n\t\t<\/section>\n\t\t\t\t<section class=\"elementor-section elementor-top-section elementor-element elementor-element-a6a0882 elementor-section-boxed elementor-section-height-default elementor-section-height-default\" data-id=\"a6a0882\" data-element_type=\"section\" data-e-type=\"section\">\n\t\t\t\t\t\t<div class=\"elementor-container elementor-column-gap-default\">\n\t\t\t\t\t<div class=\"elementor-column elementor-col-100 elementor-top-column elementor-element elementor-element-69a5afd\" data-id=\"69a5afd\" data-element_type=\"column\" data-e-type=\"column\">\n\t\t\t<div class=\"elementor-widget-wrap\">\n\t\t\t\t\t\t\t<\/div>\n\t\t<\/div>\n\t\t\t\t\t<\/div>\n\t\t<\/section>\n\t\t\t\t<\/div>\n\t\t","protected":false},"excerpt":{"rendered":"<p>Teich Schl\u00fcter Der Teich Schl\u00fcter ist ein Privatsee und liegt am Kurwald von Bad Lippspringe. Da dieser idyllische Teich komplett eingez\u00e4unt ist, kann man hier seinem Hobby in aller Ruhe nachgehen. Die Gew\u00e4sserfl\u00e4che betr\u00e4gt ca. 1,8 ha und durch den starken Bewuchs mit Wasserpflanzen f\u00fchlen sich hier besonders Schleien, Karpfen und Aale sehr wohl und [&hellip;]<\/p>\n","protected":false},"author":1,"featured_media":0,"parent":22,"menu_order":0,"comment_status":"closed","ping_status":"closed","template":"","meta":{"footnotes":""},"class_list":["post-28","page","type-page","status-publish","hentry"],"_links":{"self":[{"href":"https:\/\/asv-schlangen.de\/index.php?rest_route=\/wp\/v2\/pages\/28","targetHints":{"allow":["GET"]}}],"collection":[{"href":"https:\/\/asv-schlangen.de\/index.php?rest_route=\/wp\/v2\/pages"}],"about":[{"href":"https:\/\/asv-schlangen.de\/index.php?rest_route=\/wp\/v2\/types\/page"}],"author":[{"embeddable":true,"href":"https:\/\/asv-schlangen.de\/index.php?rest_route=\/wp\/v2\/users\/1"}],"replies":[{"embeddable":true,"href":"https:\/\/asv-schlangen.de\/index.php?rest_route=%2Fwp%2Fv2%2Fcomments&post=28"}],"version-history":[{"count":19,"href":"https:\/\/asv-schlangen.de\/index.php?rest_route=\/wp\/v2\/pages\/28\/revisions"}],"predecessor-version":[{"id":1055,"href":"https:\/\/asv-schlangen.de\/index.php?rest_route=\/wp\/v2\/pages\/28\/revisions\/1055"}],"up":[{"embeddable":true,"href":"https:\/\/asv-schlangen.de\/index.php?rest_route=\/wp\/v2\/pages\/22"}],"wp:attachment":[{"href":"https:\/\/asv-schlangen.de\/index.php?rest_route=%2Fwp%2Fv2%2Fmedia&parent=28"}],"curies":[{"name":"wp","href":"https:\/\/api.w.org\/{rel}","templated":true}]}}