{"id":32,"date":"2022-11-22T08:28:58","date_gmt":"2022-11-22T08:28:58","guid":{"rendered":"https:\/\/asv-schlangen.de\/?page_id=32"},"modified":"2026-01-29T06:44:43","modified_gmt":"2026-01-29T06:44:43","slug":"hoelscher-see","status":"publish","type":"page","link":"https:\/\/asv-schlangen.de\/?page_id=32","title":{"rendered":"H\u00f6lscher See"},"content":{"rendered":"\t\t<div data-elementor-type=\"wp-page\" data-elementor-id=\"32\" class=\"elementor elementor-32\" data-elementor-post-type=\"page\">\n\t\t\t\t\t\t<section class=\"elementor-section elementor-top-section elementor-element elementor-element-ba95f33 elementor-section-boxed elementor-section-height-default elementor-section-height-default\" data-id=\"ba95f33\" data-element_type=\"section\" data-e-type=\"section\">\n\t\t\t\t\t\t<div class=\"elementor-container elementor-column-gap-default\">\n\t\t\t\t\t<div class=\"elementor-column elementor-col-100 elementor-top-column elementor-element elementor-element-f2f519a\" data-id=\"f2f519a\" data-element_type=\"column\" data-e-type=\"column\">\n\t\t\t<div class=\"elementor-widget-wrap elementor-element-populated\">\n\t\t\t\t\t\t<div class=\"elementor-element elementor-element-a161d5d elementor-widget elementor-widget-heading\" data-id=\"a161d5d\" data-element_type=\"widget\" data-e-type=\"widget\" data-widget_type=\"heading.default\">\n\t\t\t\t<div class=\"elementor-widget-container\">\n\t\t\t\t\t<h1 class=\"elementor-heading-title elementor-size-default\">H\u00f6lscher See<\/h1>\t\t\t\t<\/div>\n\t\t\t\t<\/div>\n\t\t\t\t<div class=\"elementor-element elementor-element-9a37af7 elementor-widget elementor-widget-image\" data-id=\"9a37af7\" data-element_type=\"widget\" data-e-type=\"widget\" data-widget_type=\"image.default\">\n\t\t\t\t<div class=\"elementor-widget-container\">\n\t\t\t\t\t\t\t\t\t\t\t\t\t\t\t<img fetchpriority=\"high\" decoding=\"async\" width=\"800\" height=\"450\" src=\"https:\/\/asv-schlangen.de\/wp-content\/uploads\/2022\/11\/Hoelscher-1024x576.jpg\" class=\"attachment-large size-large wp-image-607\" alt=\"\" srcset=\"https:\/\/asv-schlangen.de\/wp-content\/uploads\/2022\/11\/Hoelscher-1024x576.jpg 1024w, https:\/\/asv-schlangen.de\/wp-content\/uploads\/2022\/11\/Hoelscher-300x169.jpg 300w, https:\/\/asv-schlangen.de\/wp-content\/uploads\/2022\/11\/Hoelscher-768x432.jpg 768w, https:\/\/asv-schlangen.de\/wp-content\/uploads\/2022\/11\/Hoelscher-1536x864.jpg 1536w, https:\/\/asv-schlangen.de\/wp-content\/uploads\/2022\/11\/Hoelscher.jpg 1920w\" sizes=\"(max-width: 800px) 100vw, 800px\" \/>\t\t\t\t\t\t\t\t\t\t\t\t\t\t\t<\/div>\n\t\t\t\t<\/div>\n\t\t\t\t<div class=\"elementor-element elementor-element-8fea8fb elementor-widget elementor-widget-text-editor\" data-id=\"8fea8fb\" data-element_type=\"widget\" data-e-type=\"widget\" data-widget_type=\"text-editor.default\">\n\t\t\t\t<div class=\"elementor-widget-container\">\n\t\t\t\t\t\t\t\t\t<p>Im Jahre 2016 haben wir ein weiteres Gew\u00e4sser dazu gewinnen k\u00f6nnen. Der H\u00f6lscher See liegt zwischen Bad Lippspringe und Marienloh. Der See ist naturbelassen und viele Angelpl\u00e4tze sind gut \u00fcber den angrenzenden Radweg zu erreichen.<br \/>Das Gew\u00e4sser ist f\u00fcr seinen guten Rotaugenbestand bekannt. Auch sch\u00f6ne Zander und Aale werden regelm\u00e4\u00dfig gefangen.<\/p>\t\t\t\t\t\t\t\t<\/div>\n\t\t\t\t<\/div>\n\t\t\t\t\t<\/div>\n\t\t<\/div>\n\t\t\t\t\t<\/div>\n\t\t<\/section>\n\t\t\t\t<section class=\"elementor-section elementor-top-section elementor-element elementor-element-8aa6abf elementor-section-boxed elementor-section-height-default elementor-section-height-default\" data-id=\"8aa6abf\" data-element_type=\"section\" data-e-type=\"section\">\n\t\t\t\t\t\t<div class=\"elementor-container elementor-column-gap-default\">\n\t\t\t\t\t<div class=\"elementor-column elementor-col-100 elementor-top-column elementor-element elementor-element-debaecc\" data-id=\"debaecc\" data-element_type=\"column\" data-e-type=\"column\">\n\t\t\t<div class=\"elementor-widget-wrap elementor-element-populated\">\n\t\t\t\t\t\t<div class=\"elementor-element elementor-element-ef3dc8b elementor-widget elementor-widget-image\" data-id=\"ef3dc8b\" data-element_type=\"widget\" data-e-type=\"widget\" data-widget_type=\"image.default\">\n\t\t\t\t<div class=\"elementor-widget-container\">\n\t\t\t\t\t\t\t\t\t\t\t\t\t\t\t<img decoding=\"async\" width=\"800\" height=\"450\" src=\"https:\/\/asv-schlangen.de\/wp-content\/uploads\/2026\/01\/hoelschertest-1024x576.jpg\" class=\"attachment-large size-large wp-image-1044\" alt=\"\" srcset=\"https:\/\/asv-schlangen.de\/wp-content\/uploads\/2026\/01\/hoelschertest-1024x576.jpg 1024w, https:\/\/asv-schlangen.de\/wp-content\/uploads\/2026\/01\/hoelschertest-300x169.jpg 300w, https:\/\/asv-schlangen.de\/wp-content\/uploads\/2026\/01\/hoelschertest-768x432.jpg 768w, https:\/\/asv-schlangen.de\/wp-content\/uploads\/2026\/01\/hoelschertest.jpg 1280w\" sizes=\"(max-width: 800px) 100vw, 800px\" \/>\t\t\t\t\t\t\t\t\t\t\t\t\t\t\t<\/div>\n\t\t\t\t<\/div>\n\t\t\t\t<div class=\"elementor-element elementor-element-a85132e elementor-widget elementor-widget-html\" data-id=\"a85132e\" data-element_type=\"widget\" data-e-type=\"widget\" data-widget_type=\"html.default\">\n\t\t\t\t<div class=\"elementor-widget-container\">\n\t\t\t\t\t<iframe width=\"425\" height=\"350\" frameborder=\"0\" scrolling=\"no\" marginheight=\"0\" marginwidth=\"0\" src=\"https:\/\/www.openstreetmap.org\/export\/embed.html?bbox=8.779739141464235%2C51.77697496124584%2C8.792710304260256%2C51.782325025190396&amp;layer=mapnik\" style=\"border: 0px solid black\"><\/iframe><br\/><small><a href=\"https:\/\/www.openstreetmap.org\/#map=17\/51.77965\/8.78622\">Gr\u00f6\u00dfere Karte anzeigen<\/a><\/small>\t\t\t\t<\/div>\n\t\t\t\t<\/div>\n\t\t\t\t\t<\/div>\n\t\t<\/div>\n\t\t\t\t\t<\/div>\n\t\t<\/section>\n\t\t\t\t<section class=\"elementor-section elementor-top-section elementor-element elementor-element-800b71d elementor-section-boxed elementor-section-height-default elementor-section-height-default\" data-id=\"800b71d\" data-element_type=\"section\" data-e-type=\"section\">\n\t\t\t\t\t\t<div class=\"elementor-container elementor-column-gap-default\">\n\t\t\t\t\t<div class=\"elementor-column elementor-col-100 elementor-top-column elementor-element elementor-element-3394a64\" data-id=\"3394a64\" data-element_type=\"column\" data-e-type=\"column\">\n\t\t\t<div class=\"elementor-widget-wrap\">\n\t\t\t\t\t\t\t<\/div>\n\t\t<\/div>\n\t\t\t\t\t<\/div>\n\t\t<\/section>\n\t\t\t\t<section class=\"elementor-section elementor-top-section elementor-element elementor-element-031741e elementor-section-boxed elementor-section-height-default elementor-section-height-default\" data-id=\"031741e\" data-element_type=\"section\" data-e-type=\"section\">\n\t\t\t\t\t\t<div class=\"elementor-container elementor-column-gap-default\">\n\t\t\t\t\t<div class=\"elementor-column elementor-col-100 elementor-top-column elementor-element elementor-element-f606c5b\" data-id=\"f606c5b\" data-element_type=\"column\" data-e-type=\"column\">\n\t\t\t<div class=\"elementor-widget-wrap elementor-element-populated\">\n\t\t\t\t\t\t<div class=\"elementor-element elementor-element-b6c6d14 elementor-widget elementor-widget-google_maps\" data-id=\"b6c6d14\" data-element_type=\"widget\" data-e-type=\"widget\" data-widget_type=\"google_maps.default\">\n\t\t\t\t<div class=\"elementor-widget-container\">\n\t\t\t\t\t\t\t<div class=\"elementor-custom-embed\">\n\t\t\t<iframe loading=\"lazy\"\n\t\t\t\t\tsrc=\"https:\/\/maps.google.com\/maps?q=QQHQ%2BG58%20Bad%20Lippspringe%2C%20Deutschland&#038;t=m&#038;z=10&#038;output=embed&#038;iwloc=near\"\n\t\t\t\t\ttitle=\"QQHQ+G58 Bad Lippspringe, Deutschland\"\n\t\t\t\t\taria-label=\"QQHQ+G58 Bad Lippspringe, Deutschland\"\n\t\t\t><\/iframe>\n\t\t<\/div>\n\t\t\t\t\t\t<\/div>\n\t\t\t\t<\/div>\n\t\t\t\t\t<\/div>\n\t\t<\/div>\n\t\t\t\t\t<\/div>\n\t\t<\/section>\n\t\t\t\t<\/div>\n\t\t","protected":false},"excerpt":{"rendered":"<p>H\u00f6lscher See Im Jahre 2016 haben wir ein weiteres Gew\u00e4sser dazu gewinnen k\u00f6nnen. Der H\u00f6lscher See liegt zwischen Bad Lippspringe und Marienloh. Der See ist naturbelassen und viele Angelpl\u00e4tze sind gut \u00fcber den angrenzenden Radweg zu erreichen.Das Gew\u00e4sser ist f\u00fcr seinen guten Rotaugenbestand bekannt. Auch sch\u00f6ne Zander und Aale werden regelm\u00e4\u00dfig gefangen. Gr\u00f6\u00dfere Karte anzeigen<\/p>\n","protected":false},"author":1,"featured_media":0,"parent":22,"menu_order":0,"comment_status":"closed","ping_status":"closed","template":"","meta":{"footnotes":""},"class_list":["post-32","page","type-page","status-publish","hentry"],"_links":{"self":[{"href":"https:\/\/asv-schlangen.de\/index.php?rest_route=\/wp\/v2\/pages\/32","targetHints":{"allow":["GET"]}}],"collection":[{"href":"https:\/\/asv-schlangen.de\/index.php?rest_route=\/wp\/v2\/pages"}],"about":[{"href":"https:\/\/asv-schlangen.de\/index.php?rest_route=\/wp\/v2\/types\/page"}],"author":[{"embeddable":true,"href":"https:\/\/asv-schlangen.de\/index.php?rest_route=\/wp\/v2\/users\/1"}],"replies":[{"embeddable":true,"href":"https:\/\/asv-schlangen.de\/index.php?rest_route=%2Fwp%2Fv2%2Fcomments&post=32"}],"version-history":[{"count":31,"href":"https:\/\/asv-schlangen.de\/index.php?rest_route=\/wp\/v2\/pages\/32\/revisions"}],"predecessor-version":[{"id":1064,"href":"https:\/\/asv-schlangen.de\/index.php?rest_route=\/wp\/v2\/pages\/32\/revisions\/1064"}],"up":[{"embeddable":true,"href":"https:\/\/asv-schlangen.de\/index.php?rest_route=\/wp\/v2\/pages\/22"}],"wp:attachment":[{"href":"https:\/\/asv-schlangen.de\/index.php?rest_route=%2Fwp%2Fv2%2Fmedia&parent=32"}],"curies":[{"name":"wp","href":"https:\/\/api.w.org\/{rel}","templated":true}]}}