{"id":327,"date":"2022-11-22T16:19:54","date_gmt":"2022-11-22T16:19:54","guid":{"rendered":"https:\/\/asv-schlangen.de\/?page_id=327"},"modified":"2026-02-12T14:14:01","modified_gmt":"2026-02-12T14:14:01","slug":"jugendarbeit","status":"publish","type":"page","link":"https:\/\/asv-schlangen.de\/?page_id=327","title":{"rendered":"Jugendarbeit"},"content":{"rendered":"\t\t<div data-elementor-type=\"wp-page\" data-elementor-id=\"327\" class=\"elementor elementor-327\" data-elementor-post-type=\"page\">\n\t\t\t\t\t\t<section class=\"elementor-section elementor-top-section elementor-element elementor-element-5fe47f6 elementor-section-boxed elementor-section-height-default elementor-section-height-default\" data-id=\"5fe47f6\" data-element_type=\"section\" data-e-type=\"section\">\n\t\t\t\t\t\t<div class=\"elementor-container elementor-column-gap-default\">\n\t\t\t\t\t<div class=\"elementor-column elementor-col-100 elementor-top-column elementor-element elementor-element-4303f61\" data-id=\"4303f61\" data-element_type=\"column\" data-e-type=\"column\">\n\t\t\t<div class=\"elementor-widget-wrap elementor-element-populated\">\n\t\t\t\t\t\t<div class=\"elementor-element elementor-element-dc4ba78 elementor-widget elementor-widget-heading\" data-id=\"dc4ba78\" data-element_type=\"widget\" data-e-type=\"widget\" data-widget_type=\"heading.default\">\n\t\t\t\t<div class=\"elementor-widget-container\">\n\t\t\t\t\t<h1 class=\"elementor-heading-title elementor-size-default\">Jugendarbeit<\/h1>\t\t\t\t<\/div>\n\t\t\t\t<\/div>\n\t\t\t\t<div class=\"elementor-element elementor-element-bb1b366 elementor-widget elementor-widget-text-editor\" data-id=\"bb1b366\" data-element_type=\"widget\" data-e-type=\"widget\" data-widget_type=\"text-editor.default\">\n\t\t\t\t<div class=\"elementor-widget-container\">\n\t\t\t\t\t\t\t\t\t<p>Eine aktive Jugendarbeit wird im ASV Schlangen seit Jahren gro\u00df geschrieben und z\u00e4hlt seit jeher zu den wichtigsten Aufgaben unseres Vereinswesens.<\/p><p>Die Themen Angeln und Naturschutz sind gleicherma\u00dfen Teil des Konzepts unserer Jugendarbeit.<\/p><p>Neben dem Erlernen der Angelpraxis bei verschiedenen Jugendangeln kommt auch die Vermittlung von theoretischem Wissen nicht zu kurz.<\/p><p>Zus\u00e4tzlich zu den vielf\u00e4ltigen vereinsinternen Veranstaltungen wird der Austausch mit anderen Jugendgruppen gepflegt und es wird an gemeinsamen Veranstaltungen teilgenommen.<\/p><p>Zu den Highlights geh\u00f6rt definitiv die Fahrt an die Elbe \u00fcber Pfingsten.<\/p><p>\u00a0<\/p><p>In den Sommerferien wird im Rahmen der Ferienspiele das Angel-Hobby interessierten Kindern und Jugendlichen aus Schlangen vorgestellt.<\/p><p>Wie bei den Erwachsenen gibt es auch seit einigen Jahren ein Prinzenangeln unter den Jugendlichen.<\/p><p>\u00a0<\/p>\t\t\t\t\t\t\t\t<\/div>\n\t\t\t\t<\/div>\n\t\t\t\t\t<\/div>\n\t\t<\/div>\n\t\t\t\t\t<\/div>\n\t\t<\/section>\n\t\t\t\t<section class=\"elementor-section elementor-top-section elementor-element elementor-element-4a2486d elementor-section-boxed elementor-section-height-default elementor-section-height-default\" data-id=\"4a2486d\" data-element_type=\"section\" data-e-type=\"section\">\n\t\t\t\t\t\t<div class=\"elementor-container elementor-column-gap-default\">\n\t\t\t\t\t<div class=\"elementor-column elementor-col-100 elementor-top-column elementor-element elementor-element-973e36a\" data-id=\"973e36a\" data-element_type=\"column\" data-e-type=\"column\">\n\t\t\t<div class=\"elementor-widget-wrap elementor-element-populated\">\n\t\t\t\t\t\t<div class=\"elementor-element elementor-element-6366bdb elementor-widget elementor-widget-gallery\" data-id=\"6366bdb\" data-element_type=\"widget\" data-e-type=\"widget\" data-settings=\"{&quot;lazyload&quot;:&quot;yes&quot;,&quot;gallery_layout&quot;:&quot;grid&quot;,&quot;columns&quot;:4,&quot;columns_tablet&quot;:2,&quot;columns_mobile&quot;:1,&quot;gap&quot;:{&quot;unit&quot;:&quot;px&quot;,&quot;size&quot;:10,&quot;sizes&quot;:[]},&quot;gap_tablet&quot;:{&quot;unit&quot;:&quot;px&quot;,&quot;size&quot;:10,&quot;sizes&quot;:[]},&quot;gap_mobile&quot;:{&quot;unit&quot;:&quot;px&quot;,&quot;size&quot;:10,&quot;sizes&quot;:[]},&quot;link_to&quot;:&quot;file&quot;,&quot;aspect_ratio&quot;:&quot;3:2&quot;,&quot;overlay_background&quot;:&quot;yes&quot;,&quot;content_hover_animation&quot;:&quot;fade-in&quot;}\" data-widget_type=\"gallery.default\">\n\t\t\t\t<div class=\"elementor-widget-container\">\n\t\t\t\t\t\t\t<div class=\"elementor-gallery__container\">\n\t\t\t\t\t\t\t<a class=\"e-gallery-item elementor-gallery-item elementor-animated-content\" href=\"https:\/\/asv-schlangen.de\/wp-content\/uploads\/2026\/02\/1000092368.jpg\" data-elementor-open-lightbox=\"yes\" data-elementor-lightbox-slideshow=\"6366bdb\" data-elementor-lightbox-title=\"1000092368\" data-e-action-hash=\"#elementor-action%3Aaction%3Dlightbox%26settings%3DeyJpZCI6MTE3MCwidXJsIjoiaHR0cHM6XC9cL2Fzdi1zY2hsYW5nZW4uZGVcL3dwLWNvbnRlbnRcL3VwbG9hZHNcLzIwMjZcLzAyXC8xMDAwMDkyMzY4LmpwZyIsInNsaWRlc2hvdyI6IjYzNjZiZGIifQ%3D%3D\">\n\t\t\t\t\t<div class=\"e-gallery-image elementor-gallery-item__image\" data-thumbnail=\"https:\/\/asv-schlangen.de\/wp-content\/uploads\/2026\/02\/1000092368-300x225.jpg\" data-width=\"300\" data-height=\"225\" aria-label=\"\" role=\"img\" ><\/div>\n\t\t\t\t\t\t\t\t\t\t\t<div class=\"elementor-gallery-item__overlay\"><\/div>\n\t\t\t\t\t\t\t\t\t\t\t\t\t\t<\/a>\n\t\t\t\t\t\t\t<a class=\"e-gallery-item elementor-gallery-item elementor-animated-content\" href=\"https:\/\/asv-schlangen.de\/wp-content\/uploads\/2026\/02\/1000092120.jpg\" data-elementor-open-lightbox=\"yes\" data-elementor-lightbox-slideshow=\"6366bdb\" data-elementor-lightbox-title=\"1000092120\" data-e-action-hash=\"#elementor-action%3Aaction%3Dlightbox%26settings%3DeyJpZCI6MTE3MywidXJsIjoiaHR0cHM6XC9cL2Fzdi1zY2hsYW5nZW4uZGVcL3dwLWNvbnRlbnRcL3VwbG9hZHNcLzIwMjZcLzAyXC8xMDAwMDkyMTIwLmpwZyIsInNsaWRlc2hvdyI6IjYzNjZiZGIifQ%3D%3D\">\n\t\t\t\t\t<div class=\"e-gallery-image elementor-gallery-item__image\" data-thumbnail=\"https:\/\/asv-schlangen.de\/wp-content\/uploads\/2026\/02\/1000092120-225x300.jpg\" data-width=\"225\" data-height=\"300\" aria-label=\"\" role=\"img\" ><\/div>\n\t\t\t\t\t\t\t\t\t\t\t<div class=\"elementor-gallery-item__overlay\"><\/div>\n\t\t\t\t\t\t\t\t\t\t\t\t\t\t<\/a>\n\t\t\t\t\t\t\t<a class=\"e-gallery-item elementor-gallery-item elementor-animated-content\" href=\"https:\/\/asv-schlangen.de\/wp-content\/uploads\/2026\/02\/1000092231.jpg\" data-elementor-open-lightbox=\"yes\" data-elementor-lightbox-slideshow=\"6366bdb\" data-elementor-lightbox-title=\"1000092231\" data-e-action-hash=\"#elementor-action%3Aaction%3Dlightbox%26settings%3DeyJpZCI6MTE3MSwidXJsIjoiaHR0cHM6XC9cL2Fzdi1zY2hsYW5nZW4uZGVcL3dwLWNvbnRlbnRcL3VwbG9hZHNcLzIwMjZcLzAyXC8xMDAwMDkyMjMxLmpwZyIsInNsaWRlc2hvdyI6IjYzNjZiZGIifQ%3D%3D\">\n\t\t\t\t\t<div class=\"e-gallery-image elementor-gallery-item__image\" data-thumbnail=\"https:\/\/asv-schlangen.de\/wp-content\/uploads\/2026\/02\/1000092231-225x300.jpg\" data-width=\"225\" data-height=\"300\" aria-label=\"\" role=\"img\" ><\/div>\n\t\t\t\t\t\t\t\t\t\t\t<div class=\"elementor-gallery-item__overlay\"><\/div>\n\t\t\t\t\t\t\t\t\t\t\t\t\t\t<\/a>\n\t\t\t\t\t\t\t<a class=\"e-gallery-item elementor-gallery-item elementor-animated-content\" href=\"https:\/\/asv-schlangen.de\/wp-content\/uploads\/2026\/02\/1000044878-scaled.jpg\" data-elementor-open-lightbox=\"yes\" data-elementor-lightbox-slideshow=\"6366bdb\" data-elementor-lightbox-title=\"Sonnenuntergang am Buhnenkopf an der Elbe\" data-e-action-hash=\"#elementor-action%3Aaction%3Dlightbox%26settings%3DeyJpZCI6MTE3NSwidXJsIjoiaHR0cHM6XC9cL2Fzdi1zY2hsYW5nZW4uZGVcL3dwLWNvbnRlbnRcL3VwbG9hZHNcLzIwMjZcLzAyXC8xMDAwMDQ0ODc4LXNjYWxlZC5qcGciLCJzbGlkZXNob3ciOiI2MzY2YmRiIn0%3D\">\n\t\t\t\t\t<div class=\"e-gallery-image elementor-gallery-item__image\" data-thumbnail=\"https:\/\/asv-schlangen.de\/wp-content\/uploads\/2026\/02\/1000044878-300x225.jpg\" data-width=\"300\" data-height=\"225\" aria-label=\"\" role=\"img\" ><\/div>\n\t\t\t\t\t\t\t\t\t\t\t<div class=\"elementor-gallery-item__overlay\"><\/div>\n\t\t\t\t\t\t\t\t\t\t\t\t\t\t<\/a>\n\t\t\t\t\t\t\t<a class=\"e-gallery-item elementor-gallery-item elementor-animated-content\" href=\"https:\/\/asv-schlangen.de\/wp-content\/uploads\/2026\/02\/1000045810.jpg\" data-elementor-open-lightbox=\"yes\" data-elementor-lightbox-slideshow=\"6366bdb\" data-elementor-lightbox-title=\"Angeln am Buhnenkopf auf Zander\" data-e-action-hash=\"#elementor-action%3Aaction%3Dlightbox%26settings%3DeyJpZCI6MTE3NywidXJsIjoiaHR0cHM6XC9cL2Fzdi1zY2hsYW5nZW4uZGVcL3dwLWNvbnRlbnRcL3VwbG9hZHNcLzIwMjZcLzAyXC8xMDAwMDQ1ODEwLmpwZyIsInNsaWRlc2hvdyI6IjYzNjZiZGIifQ%3D%3D\">\n\t\t\t\t\t<div class=\"e-gallery-image elementor-gallery-item__image\" data-thumbnail=\"https:\/\/asv-schlangen.de\/wp-content\/uploads\/2026\/02\/1000045810-300x225.jpg\" data-width=\"300\" data-height=\"225\" aria-label=\"\" role=\"img\" ><\/div>\n\t\t\t\t\t\t\t\t\t\t\t<div class=\"elementor-gallery-item__overlay\"><\/div>\n\t\t\t\t\t\t\t\t\t\t\t\t\t\t<\/a>\n\t\t\t\t\t\t\t<a class=\"e-gallery-item elementor-gallery-item elementor-animated-content\" href=\"https:\/\/asv-schlangen.de\/wp-content\/uploads\/2026\/02\/1000091616.jpg\" data-elementor-open-lightbox=\"yes\" data-elementor-lightbox-slideshow=\"6366bdb\" data-elementor-lightbox-title=\"Aufbau Zeltlager Elbe\" data-e-action-hash=\"#elementor-action%3Aaction%3Dlightbox%26settings%3DeyJpZCI6MTE3NiwidXJsIjoiaHR0cHM6XC9cL2Fzdi1zY2hsYW5nZW4uZGVcL3dwLWNvbnRlbnRcL3VwbG9hZHNcLzIwMjZcLzAyXC8xMDAwMDkxNjE2LmpwZyIsInNsaWRlc2hvdyI6IjYzNjZiZGIifQ%3D%3D\">\n\t\t\t\t\t<div class=\"e-gallery-image elementor-gallery-item__image\" data-thumbnail=\"https:\/\/asv-schlangen.de\/wp-content\/uploads\/2026\/02\/1000091616-300x169.jpg\" data-width=\"300\" data-height=\"169\" aria-label=\"\" role=\"img\" ><\/div>\n\t\t\t\t\t\t\t\t\t\t\t<div class=\"elementor-gallery-item__overlay\"><\/div>\n\t\t\t\t\t\t\t\t\t\t\t\t\t\t<\/a>\n\t\t\t\t\t\t\t<a class=\"e-gallery-item elementor-gallery-item elementor-animated-content\" href=\"https:\/\/asv-schlangen.de\/wp-content\/uploads\/2026\/02\/1000045359-scaled.jpg\" data-elementor-open-lightbox=\"yes\" data-elementor-lightbox-slideshow=\"6366bdb\" data-elementor-lightbox-title=\"Preisverleihung Elbe 2025\" data-e-action-hash=\"#elementor-action%3Aaction%3Dlightbox%26settings%3DeyJpZCI6MTE3MiwidXJsIjoiaHR0cHM6XC9cL2Fzdi1zY2hsYW5nZW4uZGVcL3dwLWNvbnRlbnRcL3VwbG9hZHNcLzIwMjZcLzAyXC8xMDAwMDQ1MzU5LXNjYWxlZC5qcGciLCJzbGlkZXNob3ciOiI2MzY2YmRiIn0%3D\">\n\t\t\t\t\t<div class=\"e-gallery-image elementor-gallery-item__image\" data-thumbnail=\"https:\/\/asv-schlangen.de\/wp-content\/uploads\/2026\/02\/1000045359-300x225.jpg\" data-width=\"300\" data-height=\"225\" aria-label=\"\" role=\"img\" ><\/div>\n\t\t\t\t\t\t\t\t\t\t\t<div class=\"elementor-gallery-item__overlay\"><\/div>\n\t\t\t\t\t\t\t\t\t\t\t\t\t\t<\/a>\n\t\t\t\t\t\t\t<a class=\"e-gallery-item elementor-gallery-item elementor-animated-content\" href=\"https:\/\/asv-schlangen.de\/wp-content\/uploads\/2026\/02\/1000045377-scaled.jpg\" data-elementor-open-lightbox=\"yes\" data-elementor-lightbox-slideshow=\"6366bdb\" data-elementor-lightbox-title=\"1000045377\" data-e-action-hash=\"#elementor-action%3Aaction%3Dlightbox%26settings%3DeyJpZCI6MTE3NCwidXJsIjoiaHR0cHM6XC9cL2Fzdi1zY2hsYW5nZW4uZGVcL3dwLWNvbnRlbnRcL3VwbG9hZHNcLzIwMjZcLzAyXC8xMDAwMDQ1Mzc3LXNjYWxlZC5qcGciLCJzbGlkZXNob3ciOiI2MzY2YmRiIn0%3D\">\n\t\t\t\t\t<div class=\"e-gallery-image elementor-gallery-item__image\" data-thumbnail=\"https:\/\/asv-schlangen.de\/wp-content\/uploads\/2026\/02\/1000045377-300x225.jpg\" data-width=\"300\" data-height=\"225\" aria-label=\"\" role=\"img\" ><\/div>\n\t\t\t\t\t\t\t\t\t\t\t<div class=\"elementor-gallery-item__overlay\"><\/div>\n\t\t\t\t\t\t\t\t\t\t\t\t\t\t<\/a>\n\t\t\t\t\t<\/div>\n\t\t\t\t\t<\/div>\n\t\t\t\t<\/div>\n\t\t\t\t\t<\/div>\n\t\t<\/div>\n\t\t\t\t\t<\/div>\n\t\t<\/section>\n\t\t\t\t<section class=\"elementor-section elementor-top-section elementor-element elementor-element-f335936 elementor-section-boxed elementor-section-height-default elementor-section-height-default\" data-id=\"f335936\" data-element_type=\"section\" data-e-type=\"section\">\n\t\t\t\t\t\t<div class=\"elementor-container elementor-column-gap-default\">\n\t\t\t\t\t<div class=\"elementor-column elementor-col-100 elementor-top-column elementor-element elementor-element-b9b9ff2\" data-id=\"b9b9ff2\" data-element_type=\"column\" data-e-type=\"column\">\n\t\t\t<div class=\"elementor-widget-wrap elementor-element-populated\">\n\t\t\t\t\t\t<div class=\"elementor-element elementor-element-236a6f4 elementor-widget elementor-widget-text-editor\" data-id=\"236a6f4\" data-element_type=\"widget\" data-e-type=\"widget\" data-widget_type=\"text-editor.default\">\n\t\t\t\t<div class=\"elementor-widget-container\">\n\t\t\t\t\t\t\t\t\t<p>Der ASV Schlangen bietet seinen Jugendmitgliedern:<\/p><ul><li>Jugend-Jahreshauptversammlung<\/li><li>abwechslungsreicher Terminkalender (exklusive Veranstaltungen nur f\u00fcr Jugendmitglieder)<\/li><li>aktive Mitbestimmung \u00fcber Veranstaltungen, Termine und deren Inhalte<\/li><li>Fortbildungen und Tutorien (&#8222;das Wissen der Senioren an die Jugendlichen weitergeben&#8220;)<\/li><li>Jugendfahrt<\/li><li>avisierte Angler die euch mit Tipps und Ratschl\u00e4gen zur Seite stehen<\/li><li>vereinseigener Vorbereitungskurs f\u00fcr den Fischereischein (Theorie &amp; Praxis)<\/li><li>&#8230;<\/li><\/ul>\t\t\t\t\t\t\t\t<\/div>\n\t\t\t\t<\/div>\n\t\t\t\t\t<\/div>\n\t\t<\/div>\n\t\t\t\t\t<\/div>\n\t\t<\/section>\n\t\t\t\t<section class=\"elementor-section elementor-top-section elementor-element elementor-element-6548eec elementor-section-boxed elementor-section-height-default elementor-section-height-default\" data-id=\"6548eec\" data-element_type=\"section\" data-e-type=\"section\">\n\t\t\t\t\t\t<div class=\"elementor-container elementor-column-gap-default\">\n\t\t\t\t\t<div class=\"elementor-column elementor-col-100 elementor-top-column elementor-element elementor-element-42b3f2c\" data-id=\"42b3f2c\" data-element_type=\"column\" data-e-type=\"column\">\n\t\t\t<div class=\"elementor-widget-wrap elementor-element-populated\">\n\t\t\t\t\t\t<div class=\"elementor-element elementor-element-07f95a0 elementor-widget elementor-widget-gallery\" data-id=\"07f95a0\" data-element_type=\"widget\" data-e-type=\"widget\" data-settings=\"{&quot;lazyload&quot;:&quot;yes&quot;,&quot;gallery_layout&quot;:&quot;grid&quot;,&quot;columns&quot;:4,&quot;columns_tablet&quot;:2,&quot;columns_mobile&quot;:1,&quot;gap&quot;:{&quot;unit&quot;:&quot;px&quot;,&quot;size&quot;:10,&quot;sizes&quot;:[]},&quot;gap_tablet&quot;:{&quot;unit&quot;:&quot;px&quot;,&quot;size&quot;:10,&quot;sizes&quot;:[]},&quot;gap_mobile&quot;:{&quot;unit&quot;:&quot;px&quot;,&quot;size&quot;:10,&quot;sizes&quot;:[]},&quot;link_to&quot;:&quot;file&quot;,&quot;aspect_ratio&quot;:&quot;3:2&quot;,&quot;overlay_background&quot;:&quot;yes&quot;,&quot;content_hover_animation&quot;:&quot;fade-in&quot;}\" data-widget_type=\"gallery.default\">\n\t\t\t\t<div class=\"elementor-widget-container\">\n\t\t\t\t\t\t\t<div class=\"elementor-gallery__container\">\n\t\t\t\t\t\t\t<a class=\"e-gallery-item elementor-gallery-item elementor-animated-content\" href=\"https:\/\/asv-schlangen.de\/wp-content\/uploads\/2023\/08\/20230526_200331-scaled.jpg\" data-elementor-open-lightbox=\"yes\" data-elementor-lightbox-slideshow=\"07f95a0\" data-elementor-lightbox-title=\"20230526_200331\" data-e-action-hash=\"#elementor-action%3Aaction%3Dlightbox%26settings%3DeyJpZCI6NzQyLCJ1cmwiOiJodHRwczpcL1wvYXN2LXNjaGxhbmdlbi5kZVwvd3AtY29udGVudFwvdXBsb2Fkc1wvMjAyM1wvMDhcLzIwMjMwNTI2XzIwMDMzMS1zY2FsZWQuanBnIiwic2xpZGVzaG93IjoiMDdmOTVhMCJ9\">\n\t\t\t\t\t<div class=\"e-gallery-image elementor-gallery-item__image\" data-thumbnail=\"https:\/\/asv-schlangen.de\/wp-content\/uploads\/2023\/08\/20230526_200331-300x225.jpg\" data-width=\"300\" data-height=\"225\" aria-label=\"\" role=\"img\" ><\/div>\n\t\t\t\t\t\t\t\t\t\t\t<div class=\"elementor-gallery-item__overlay\"><\/div>\n\t\t\t\t\t\t\t\t\t\t\t\t\t\t<\/a>\n\t\t\t\t\t\t\t<a class=\"e-gallery-item elementor-gallery-item elementor-animated-content\" href=\"https:\/\/asv-schlangen.de\/wp-content\/uploads\/2023\/08\/20230529_073839-scaled.jpg\" data-elementor-open-lightbox=\"yes\" data-elementor-lightbox-slideshow=\"07f95a0\" data-elementor-lightbox-title=\"20230529_073839\" data-e-action-hash=\"#elementor-action%3Aaction%3Dlightbox%26settings%3DeyJpZCI6NzQzLCJ1cmwiOiJodHRwczpcL1wvYXN2LXNjaGxhbmdlbi5kZVwvd3AtY29udGVudFwvdXBsb2Fkc1wvMjAyM1wvMDhcLzIwMjMwNTI5XzA3MzgzOS1zY2FsZWQuanBnIiwic2xpZGVzaG93IjoiMDdmOTVhMCJ9\">\n\t\t\t\t\t<div class=\"e-gallery-image elementor-gallery-item__image\" data-thumbnail=\"https:\/\/asv-schlangen.de\/wp-content\/uploads\/2023\/08\/20230529_073839-225x300.jpg\" data-width=\"225\" data-height=\"300\" aria-label=\"\" role=\"img\" ><\/div>\n\t\t\t\t\t\t\t\t\t\t\t<div class=\"elementor-gallery-item__overlay\"><\/div>\n\t\t\t\t\t\t\t\t\t\t\t\t\t\t<\/a>\n\t\t\t\t\t\t\t<a class=\"e-gallery-item elementor-gallery-item elementor-animated-content\" href=\"https:\/\/asv-schlangen.de\/wp-content\/uploads\/2022\/11\/DSC00079-scaled.jpg\" data-elementor-open-lightbox=\"yes\" data-elementor-lightbox-slideshow=\"07f95a0\" data-elementor-lightbox-title=\"DSC00079\" data-e-action-hash=\"#elementor-action%3Aaction%3Dlightbox%26settings%3DeyJpZCI6NTg0LCJ1cmwiOiJodHRwczpcL1wvYXN2LXNjaGxhbmdlbi5kZVwvd3AtY29udGVudFwvdXBsb2Fkc1wvMjAyMlwvMTFcL0RTQzAwMDc5LXNjYWxlZC5qcGciLCJzbGlkZXNob3ciOiIwN2Y5NWEwIn0%3D\">\n\t\t\t\t\t<div class=\"e-gallery-image elementor-gallery-item__image\" data-thumbnail=\"https:\/\/asv-schlangen.de\/wp-content\/uploads\/2022\/11\/DSC00079-300x225.jpg\" data-width=\"300\" data-height=\"225\" aria-label=\"\" role=\"img\" ><\/div>\n\t\t\t\t\t\t\t\t\t\t\t<div class=\"elementor-gallery-item__overlay\"><\/div>\n\t\t\t\t\t\t\t\t\t\t\t\t\t\t<\/a>\n\t\t\t\t\t\t\t<a class=\"e-gallery-item elementor-gallery-item elementor-animated-content\" href=\"https:\/\/asv-schlangen.de\/wp-content\/uploads\/2025\/12\/1000118658-4.jpg\" data-elementor-open-lightbox=\"yes\" data-elementor-lightbox-slideshow=\"07f95a0\" data-elementor-lightbox-title=\"1000118658\" data-e-action-hash=\"#elementor-action%3Aaction%3Dlightbox%26settings%3DeyJpZCI6MTAwOCwidXJsIjoiaHR0cHM6XC9cL2Fzdi1zY2hsYW5nZW4uZGVcL3dwLWNvbnRlbnRcL3VwbG9hZHNcLzIwMjVcLzEyXC8xMDAwMTE4NjU4LTQuanBnIiwic2xpZGVzaG93IjoiMDdmOTVhMCJ9\">\n\t\t\t\t\t<div class=\"e-gallery-image elementor-gallery-item__image\" data-thumbnail=\"https:\/\/asv-schlangen.de\/wp-content\/uploads\/2025\/12\/1000118658-4-300x169.jpg\" data-width=\"300\" data-height=\"169\" aria-label=\"\" role=\"img\" ><\/div>\n\t\t\t\t\t\t\t\t\t\t\t<div class=\"elementor-gallery-item__overlay\"><\/div>\n\t\t\t\t\t\t\t\t\t\t\t\t\t\t<\/a>\n\t\t\t\t\t\t\t<a class=\"e-gallery-item elementor-gallery-item elementor-animated-content\" href=\"https:\/\/asv-schlangen.de\/wp-content\/uploads\/2023\/08\/20230826_113957-scaled.jpg\" data-elementor-open-lightbox=\"yes\" data-elementor-lightbox-slideshow=\"07f95a0\" data-elementor-lightbox-title=\"20230826_113957\" data-e-action-hash=\"#elementor-action%3Aaction%3Dlightbox%26settings%3DeyJpZCI6NzI5LCJ1cmwiOiJodHRwczpcL1wvYXN2LXNjaGxhbmdlbi5kZVwvd3AtY29udGVudFwvdXBsb2Fkc1wvMjAyM1wvMDhcLzIwMjMwODI2XzExMzk1Ny1zY2FsZWQuanBnIiwic2xpZGVzaG93IjoiMDdmOTVhMCJ9\">\n\t\t\t\t\t<div class=\"e-gallery-image elementor-gallery-item__image\" data-thumbnail=\"https:\/\/asv-schlangen.de\/wp-content\/uploads\/2023\/08\/20230826_113957-225x300.jpg\" data-width=\"225\" data-height=\"300\" aria-label=\"\" role=\"img\" ><\/div>\n\t\t\t\t\t\t\t\t\t\t\t<div class=\"elementor-gallery-item__overlay\"><\/div>\n\t\t\t\t\t\t\t\t\t\t\t\t\t\t<\/a>\n\t\t\t\t\t<\/div>\n\t\t\t\t\t<\/div>\n\t\t\t\t<\/div>\n\t\t\t\t\t<\/div>\n\t\t<\/div>\n\t\t\t\t\t<\/div>\n\t\t<\/section>\n\t\t\t\t<\/div>\n\t\t","protected":false},"excerpt":{"rendered":"<p>Jugendarbeit Eine aktive Jugendarbeit wird im ASV Schlangen seit Jahren gro\u00df geschrieben und z\u00e4hlt seit jeher zu den wichtigsten Aufgaben unseres Vereinswesens. Die Themen Angeln und Naturschutz sind gleicherma\u00dfen Teil des Konzepts unserer Jugendarbeit. Neben dem Erlernen der Angelpraxis bei verschiedenen Jugendangeln kommt auch die Vermittlung von theoretischem Wissen nicht zu kurz. Zus\u00e4tzlich zu den [&hellip;]<\/p>\n","protected":false},"author":1,"featured_media":0,"parent":20,"menu_order":0,"comment_status":"closed","ping_status":"closed","template":"","meta":{"footnotes":""},"class_list":["post-327","page","type-page","status-publish","hentry"],"_links":{"self":[{"href":"https:\/\/asv-schlangen.de\/index.php?rest_route=\/wp\/v2\/pages\/327","targetHints":{"allow":["GET"]}}],"collection":[{"href":"https:\/\/asv-schlangen.de\/index.php?rest_route=\/wp\/v2\/pages"}],"about":[{"href":"https:\/\/asv-schlangen.de\/index.php?rest_route=\/wp\/v2\/types\/page"}],"author":[{"embeddable":true,"href":"https:\/\/asv-schlangen.de\/index.php?rest_route=\/wp\/v2\/users\/1"}],"replies":[{"embeddable":true,"href":"https:\/\/asv-schlangen.de\/index.php?rest_route=%2Fwp%2Fv2%2Fcomments&post=327"}],"version-history":[{"count":25,"href":"https:\/\/asv-schlangen.de\/index.php?rest_route=\/wp\/v2\/pages\/327\/revisions"}],"predecessor-version":[{"id":1180,"href":"https:\/\/asv-schlangen.de\/index.php?rest_route=\/wp\/v2\/pages\/327\/revisions\/1180"}],"up":[{"embeddable":true,"href":"https:\/\/asv-schlangen.de\/index.php?rest_route=\/wp\/v2\/pages\/20"}],"wp:attachment":[{"href":"https:\/\/asv-schlangen.de\/index.php?rest_route=%2Fwp%2Fv2%2Fmedia&parent=327"}],"curies":[{"name":"wp","href":"https:\/\/api.w.org\/{rel}","templated":true}]}}