{"id":331,"date":"2022-11-22T16:21:13","date_gmt":"2022-11-22T16:21:13","guid":{"rendered":"https:\/\/asv-schlangen.de\/?page_id=331"},"modified":"2026-01-06T11:47:45","modified_gmt":"2026-01-06T11:47:45","slug":"mitgliedschaft","status":"publish","type":"page","link":"https:\/\/asv-schlangen.de\/?page_id=331","title":{"rendered":"Mitgliedschaft"},"content":{"rendered":"\t\t<div data-elementor-type=\"wp-page\" data-elementor-id=\"331\" class=\"elementor elementor-331\" data-elementor-post-type=\"page\">\n\t\t\t\t\t\t<section class=\"elementor-section elementor-top-section elementor-element elementor-element-c342d3d elementor-section-boxed elementor-section-height-default elementor-section-height-default\" data-id=\"c342d3d\" data-element_type=\"section\" data-e-type=\"section\">\n\t\t\t\t\t\t<div class=\"elementor-container elementor-column-gap-default\">\n\t\t\t\t\t<div class=\"elementor-column elementor-col-100 elementor-top-column elementor-element elementor-element-7290fb7\" data-id=\"7290fb7\" data-element_type=\"column\" data-e-type=\"column\">\n\t\t\t<div class=\"elementor-widget-wrap elementor-element-populated\">\n\t\t\t\t\t\t<div class=\"elementor-element elementor-element-9a27ec5 elementor-widget elementor-widget-heading\" data-id=\"9a27ec5\" data-element_type=\"widget\" data-e-type=\"widget\" data-widget_type=\"heading.default\">\n\t\t\t\t<div class=\"elementor-widget-container\">\n\t\t\t\t\t<h1 class=\"elementor-heading-title elementor-size-default\">Mitglied werden<\/h1>\t\t\t\t<\/div>\n\t\t\t\t<\/div>\n\t\t\t\t<div class=\"elementor-element elementor-element-d16b4a7 elementor-widget elementor-widget-text-editor\" data-id=\"d16b4a7\" data-element_type=\"widget\" data-e-type=\"widget\" data-widget_type=\"text-editor.default\">\n\t\t\t\t<div class=\"elementor-widget-container\">\n\t\t\t\t\t\t\t\t\t<h4>Voraussetzungen zur Aufnahme<\/h4><p>Mit der Aufnahme in den ASV Schlangen e.V. erkennen Sie die g\u00fcltige <span style=\"text-decoration: underline;\"><a href=\"https:\/\/asv-schlangen.de\/wp-content\/uploads\/2022\/11\/ASV_Schlangen_eV_Satzung.pdf\" target=\"_blank\" rel=\"noopener\">Satzung<\/a><\/span>, <span style=\"text-decoration: underline;\"><a href=\"https:\/\/asv-schlangen.de\/wp-content\/uploads\/2022\/11\/ASV_Schlangen_eV_Angelbedingungen.pdf\" target=\"_blank\" rel=\"noopener\">Angelbedingungen<\/a><\/span> und <span style=\"text-decoration: underline;\"><a href=\"https:\/\/asv-schlangen.de\/wp-content\/uploads\/2022\/11\/ASV_Schlangen_eV_Beitragsordnung.pdf\" target=\"_blank\" rel=\"noopener\">Beitragsordnung<\/a><\/span> und Erteilen uns ein <span style=\"text-decoration: underline;\"><a href=\"https:\/\/asv-schlangen.de\/wp-content\/uploads\/2022\/11\/ASV_Schlangen_eV_SEPA.pdf\" target=\"_blank\" rel=\"noopener\">SEPA-Lastschriftmandat<\/a><\/span>.<\/p><p><strong>Zur Aufnahme werden folgende Dokumente und Beitr\u00e4ge ben\u00f6tigt:<\/strong><br \/>\u2022 Aufnahmeantrag<br \/>\u2022 Einverst\u00e4ndniserkl\u00e4rung zur Ver\u00f6ffentlichung von Fotos<br \/>\u2022 Datenschutzerkl\u00e4rung f\u00fcr Vereinsmitglieder<br \/>\u2022 SEPA Lastschrift Mandat<\/p><p>Die ausgef\u00fcllten Dokumente k\u00f6nnen Sie bei jedem <span style=\"text-decoration: underline;\"><a href=\"https:\/\/asv-schlangen.de\/asv-schlangen\/vorstand\/\">Vorstandsmitglied<\/a><\/span> einreichen.<\/p><h4>\u00dcbersicht unserer Beitr\u00e4ge<\/h4><p><strong>Aufnahmegeb\u00fchr:<\/strong><br \/>Aktive Senioren 150\u20ac<br \/>Passive Senioren 30\u20ac<br \/>Jugendmitglieder 23\u20ac<\/p><p><strong>Jahresbeitr\u00e4ge:<\/strong><br \/>Aktive Senioren 120\u20ac\u00a0 \u00a0<br \/>Passive Senioren 30\u20ac\u00a0 \u00a0<br \/>F\u00f6rdermitglieder 100\u20ac<br \/>Jugendmitglieder 20\u20ac im ersten Jahr, danach 40\u20ac<\/p><h4>Arbeitsstunden<\/h4><p>Jedes aktive Seniorenmitglied ist dazu verpflichtet 10 Arbeitsstunden pro Jahr zu leisten. Jede Fehlstunde wird mit 15\u20ac berechnet.<\/p>\t\t\t\t\t\t\t\t<\/div>\n\t\t\t\t<\/div>\n\t\t\t\t\t<\/div>\n\t\t<\/div>\n\t\t\t\t\t<\/div>\n\t\t<\/section>\n\t\t\t\t<\/div>\n\t\t","protected":false},"excerpt":{"rendered":"<p>Mitglied werden Voraussetzungen zur Aufnahme Mit der Aufnahme in den ASV Schlangen e.V. erkennen Sie die g\u00fcltige Satzung, Angelbedingungen und Beitragsordnung und Erteilen uns ein SEPA-Lastschriftmandat. Zur Aufnahme werden folgende Dokumente und Beitr\u00e4ge ben\u00f6tigt:\u2022 Aufnahmeantrag\u2022 Einverst\u00e4ndniserkl\u00e4rung zur Ver\u00f6ffentlichung von Fotos\u2022 Datenschutzerkl\u00e4rung f\u00fcr Vereinsmitglieder\u2022 SEPA Lastschrift Mandat Die ausgef\u00fcllten Dokumente k\u00f6nnen Sie bei jedem Vorstandsmitglied einreichen. [&hellip;]<\/p>\n","protected":false},"author":1,"featured_media":0,"parent":0,"menu_order":0,"comment_status":"closed","ping_status":"closed","template":"","meta":{"footnotes":""},"class_list":["post-331","page","type-page","status-publish","hentry"],"_links":{"self":[{"href":"https:\/\/asv-schlangen.de\/index.php?rest_route=\/wp\/v2\/pages\/331","targetHints":{"allow":["GET"]}}],"collection":[{"href":"https:\/\/asv-schlangen.de\/index.php?rest_route=\/wp\/v2\/pages"}],"about":[{"href":"https:\/\/asv-schlangen.de\/index.php?rest_route=\/wp\/v2\/types\/page"}],"author":[{"embeddable":true,"href":"https:\/\/asv-schlangen.de\/index.php?rest_route=\/wp\/v2\/users\/1"}],"replies":[{"embeddable":true,"href":"https:\/\/asv-schlangen.de\/index.php?rest_route=%2Fwp%2Fv2%2Fcomments&post=331"}],"version-history":[{"count":25,"href":"https:\/\/asv-schlangen.de\/index.php?rest_route=\/wp\/v2\/pages\/331\/revisions"}],"predecessor-version":[{"id":1028,"href":"https:\/\/asv-schlangen.de\/index.php?rest_route=\/wp\/v2\/pages\/331\/revisions\/1028"}],"wp:attachment":[{"href":"https:\/\/asv-schlangen.de\/index.php?rest_route=%2Fwp%2Fv2%2Fmedia&parent=331"}],"curies":[{"name":"wp","href":"https:\/\/api.w.org\/{rel}","templated":true}]}}