{"id":41,"date":"2022-11-22T08:37:09","date_gmt":"2022-11-22T08:37:09","guid":{"rendered":"https:\/\/asv-schlangen.de\/?page_id=41"},"modified":"2025-08-04T05:30:38","modified_gmt":"2025-08-04T05:30:38","slug":"angelkoenige","status":"publish","type":"page","link":"https:\/\/asv-schlangen.de\/?page_id=41","title":{"rendered":"Angelk\u00f6nige"},"content":{"rendered":"\t\t<div data-elementor-type=\"wp-page\" data-elementor-id=\"41\" class=\"elementor elementor-41\" data-elementor-post-type=\"page\">\n\t\t\t\t\t\t<section class=\"elementor-section elementor-top-section elementor-element elementor-element-a35950e elementor-section-boxed elementor-section-height-default elementor-section-height-default\" data-id=\"a35950e\" data-element_type=\"section\" data-e-type=\"section\">\n\t\t\t\t\t\t<div class=\"elementor-container elementor-column-gap-default\">\n\t\t\t\t\t<div class=\"elementor-column elementor-col-100 elementor-top-column elementor-element elementor-element-b091c42\" data-id=\"b091c42\" data-element_type=\"column\" data-e-type=\"column\">\n\t\t\t<div class=\"elementor-widget-wrap elementor-element-populated\">\n\t\t\t\t\t\t<div class=\"elementor-element elementor-element-2cbee0c elementor-widget elementor-widget-heading\" data-id=\"2cbee0c\" data-element_type=\"widget\" data-e-type=\"widget\" data-widget_type=\"heading.default\">\n\t\t\t\t<div class=\"elementor-widget-container\">\n\t\t\t\t\t<h1 class=\"elementor-heading-title elementor-size-default\">Angelk\u00f6nige<\/h1>\t\t\t\t<\/div>\n\t\t\t\t<\/div>\n\t\t\t\t<div class=\"elementor-element elementor-element-6fa30a0 elementor-widget elementor-widget-text-editor\" data-id=\"6fa30a0\" data-element_type=\"widget\" data-e-type=\"widget\" data-widget_type=\"text-editor.default\">\n\t\t\t\t<div class=\"elementor-widget-container\">\n\t\t\t\t\t\t\t\t\t<p>In der \u00fcber 50 j\u00e4hrigen Tradition ist bereits der ein oder andere mit den K\u00f6nigsw\u00fcrden geehrt worden.<\/p>\t\t\t\t\t\t\t\t<\/div>\n\t\t\t\t<\/div>\n\t\t\t\t\t<\/div>\n\t\t<\/div>\n\t\t\t\t\t<\/div>\n\t\t<\/section>\n\t\t\t\t<section class=\"elementor-section elementor-top-section elementor-element elementor-element-a90bf45 elementor-section-boxed elementor-section-height-default elementor-section-height-default\" data-id=\"a90bf45\" data-element_type=\"section\" data-e-type=\"section\">\n\t\t\t\t\t\t<div class=\"elementor-container elementor-column-gap-default\">\n\t\t\t\t\t<div class=\"elementor-column elementor-col-100 elementor-top-column elementor-element elementor-element-3f2dd75\" data-id=\"3f2dd75\" data-element_type=\"column\" data-e-type=\"column\">\n\t\t\t<div class=\"elementor-widget-wrap elementor-element-populated\">\n\t\t\t\t\t\t<div class=\"elementor-element elementor-element-c03d854 elementor-widget elementor-widget-eael-advanced-data-table\" data-id=\"c03d854\" data-element_type=\"widget\" data-e-type=\"widget\" data-widget_type=\"eael-advanced-data-table.default\">\n\t\t\t\t<div class=\"elementor-widget-container\">\n\t\t\t\t\t<div class=\"ea-advanced-data-table-wrap\" data-id=\"c03d854\"><div class=\"ea-advanced-data-table-wrap-inner\">\n                <table class=\"ea-advanced-data-table ea-advanced-data-table-static ea-advanced-data-table-c03d854 ea-advanced-data-table-sortable\" data-id=\"c03d854\"><thead><tr><th><p>Jahr<\/p><\/th><th>Name<\/th><th>Fischart<\/th><\/tr><\/thead><tbody><tr><td><p>2025<\/p><\/td><td><p>Guido Kl\u00f6pping<\/p><\/td><td><p>D\u00f6bel<\/p><\/td><\/tr><tr><td><p>2024<\/p><\/td><td><p>Oliver Titz<\/p><\/td><td><p>Brasse<\/p><\/td><\/tr><tr><td><p>2023<\/p><\/td><td><p>R\u00fcdiger Voss<\/p><\/td><td><p>Aaland<\/p><\/td><\/tr><tr><td><p>2022<\/p><\/td><td><p>Garry Holroyd<\/p><\/td><td><p>Brasse<\/p><\/td><\/tr><tr><td><p>2021<\/p><\/td><td><p>Guido Kl\u00f6pping<\/p><\/td><td><p>Z\u00e4hrte<\/p><\/td><\/tr><tr><td>2020<\/td><td>Daniel M\u00fcller<\/td><td>Brasse<\/td><\/tr><tr><td>2019<\/td><td>Markus Menke<\/td><td>Brasse<\/td><\/tr><tr><td>2018<\/td><td>Markus Oys<\/td><td>Brasse<\/td><\/tr><tr><td>2017<\/td><td>Guido Kl\u00f6pping<\/td><td>Brasse<\/td><\/tr><tr><td>2016<\/td><td>Sergey Wall<\/td><td>Brasse<\/td><\/tr><tr><td>2015<\/td><td>Markus Oys<\/td><td>Brasse<\/td><\/tr><tr><td>2014<\/td><td>Markus Oys<\/td><td>Brasse<\/td><\/tr><tr><td>2013<\/td><td>Christopher Koch<\/td><td>Nase<\/td><\/tr><tr><td>2012<\/td><td>Christian Strohdeicher<\/td><td>Brasse<\/td><\/tr><tr><td>2011<\/td><td>Markus Oys<\/td><td>Brasse<\/td><\/tr><tr><td>2010<\/td><td>Anton Koke<\/td><td>Brasse<\/td><\/tr><tr><td>2009<\/td><td>Guido Kl\u00f6pping<\/td><td>Rotauge<\/td><\/tr><tr><td>2008<\/td><td>Markus Oys<\/td><td>Schleie<\/td><\/tr><tr><td>2007<\/td><td>Sven Stahlmecke<\/td><td>Brasse<\/td><\/tr><tr><td>2006<\/td><td>Anton Koke<\/td><td>Schleie<\/td><\/tr><tr><td>2005<\/td><td>Siegbert Benkelberg<\/td><td>Nase<\/td><\/tr><tr><td>2004<\/td><td>Daniel M\u00fcller<\/td><td>Brasse<\/td><\/tr><tr><td>2003<\/td><td>Sven Stahlmecke<\/td><td>Brasse<\/td><\/tr><tr><td>2002<\/td><td>H. D. Strohdeicher<\/td><td>Forelle<\/td><\/tr><tr><td>2001<\/td><td>Wilfried Deppe<\/td><td>Barbe<\/td><\/tr><tr><td>2000<\/td><td>Garry Holroyd<\/td><td>Brasse<\/td><\/tr><tr><td>1999<\/td><td>Siegbert Benkelberg<\/td><td>Barbe<\/td><\/tr><tr><td>1998<\/td><td>Garry Holroyd<\/td><td>Brasse<\/td><\/tr><tr><td>1997<\/td><td>H. D. Strohdeicher<\/td><td>Brasse<\/td><\/tr><tr><td>1996<\/td><td>Benjamin Strohdeicher<\/td><td>Brasse<\/td><\/tr><tr><td>1995<\/td><td>Garry Holroyd<\/td><td>Brasse<\/td><\/tr><tr><td>1994<\/td><td>Peter K\u00f6nigsbr\u00fcck<\/td><td>Schleie<\/td><\/tr><tr><td>1993<\/td><td>Dieter J\u00e4ger<\/td><td>Nase<\/td><\/tr><tr><td>1992<\/td><td>Heinrich Hanselle<\/td><td>Brasse<\/td><\/tr><tr><td>1991<\/td><td>Erhard Jelowik<\/td><td>Brasse<\/td><\/tr><tr><td>1990<\/td><td>Garry Holroyd<\/td><td>Brasse<\/td><\/tr><tr><td>1989<\/td><td>Siegbert Benkelberg<\/td><td>Brasse<\/td><\/tr><tr><td>1988<\/td><td>Thomas Hanselle<\/td><td>Rotauge<\/td><\/tr><tr><td>1987<\/td><td>Werner H\u00fcnkemeier<\/td><td>Brasse<\/td><\/tr><tr><td>1986<\/td><td>Ralf Wittbecker<\/td><td>Karpfen<\/td><\/tr><tr><td>1985<\/td><td>Helmut K\u00f6nigsbr\u00fcck<\/td><td>Karpfen<\/td><\/tr><tr><td>1984<\/td><td>Siegbert Benkelberg<\/td><td>Schleie<\/td><\/tr><tr><td>1983<\/td><td>Garry Holroyd<\/td><td>Barbe<\/td><\/tr><tr><td>1982<\/td><td>Wolfgang Bohlmann<\/td><td>Karpfen<\/td><\/tr><tr><td>1981<\/td><td>Werner H\u00fcnkemeier<\/td><td>Rotfeder<\/td><\/tr><tr><td>1980<\/td><td>Erhard Jelowik<\/td><td>Forelle<\/td><\/tr><tr><td>1979<\/td><td>Erhard Jelowik<\/td><td>Forelle<\/td><\/tr><tr><td>1978<\/td><td>Erhard Jelowik<\/td><td>Brasse<\/td><\/tr><tr><td>1977<\/td><td>Siegbert Benkelberg<\/td><td>Brasse<\/td><\/tr><tr><td>1976<\/td><td>Hartmut Schl\u00fcter<\/td><td>Forelle<\/td><\/tr><tr><td>1975<\/td><td>Siegbert Benkelberg<\/td><td>Barbe<\/td><\/tr><tr><td>1974<\/td><td>Bernd Hofschlag<\/td><td>Brasse<\/td><\/tr><tr><td>1973<\/td><td>G\u00fcnter Mense<\/td><td>D\u00f6bel<\/td><\/tr><tr><td>1972<\/td><td>Theodor Penke<\/td><td>Brasse<\/td><\/tr><tr><td>1971<\/td><td>Erich Benkelberg<\/td><td>Nase<\/td><\/tr><tr><td>1970<\/td><td>Erhard Jelowik<\/td><td>D\u00f6bel<\/td><\/tr><tr><td>1969<\/td><td>Erhard Jelowik<\/td><td>Brasse<\/td><\/tr><tr><td>1968<\/td><td>Paul Hopfgarten<\/td><td>Aal<\/td><\/tr><\/tbody><\/table>\n            <\/div><\/div>\t\t\t\t<\/div>\n\t\t\t\t<\/div>\n\t\t\t\t\t<\/div>\n\t\t<\/div>\n\t\t\t\t\t<\/div>\n\t\t<\/section>\n\t\t\t\t<\/div>\n\t\t","protected":false},"excerpt":{"rendered":"<p>Angelk\u00f6nige In der \u00fcber 50 j\u00e4hrigen Tradition ist bereits der ein oder andere mit den K\u00f6nigsw\u00fcrden geehrt worden. Jahr Name Fischart 2025 Guido Kl\u00f6pping D\u00f6bel 2024 Oliver Titz Brasse 2023 R\u00fcdiger Voss Aaland 2022 Garry Holroyd Brasse 2021 Guido Kl\u00f6pping Z\u00e4hrte 2020 Daniel M\u00fcller Brasse 2019 Markus Menke Brasse 2018 Markus Oys Brasse 2017 Guido [&hellip;]<\/p>\n","protected":false},"author":1,"featured_media":0,"parent":20,"menu_order":0,"comment_status":"closed","ping_status":"closed","template":"","meta":{"footnotes":""},"class_list":["post-41","page","type-page","status-publish","hentry"],"_links":{"self":[{"href":"https:\/\/asv-schlangen.de\/index.php?rest_route=\/wp\/v2\/pages\/41","targetHints":{"allow":["GET"]}}],"collection":[{"href":"https:\/\/asv-schlangen.de\/index.php?rest_route=\/wp\/v2\/pages"}],"about":[{"href":"https:\/\/asv-schlangen.de\/index.php?rest_route=\/wp\/v2\/types\/page"}],"author":[{"embeddable":true,"href":"https:\/\/asv-schlangen.de\/index.php?rest_route=\/wp\/v2\/users\/1"}],"replies":[{"embeddable":true,"href":"https:\/\/asv-schlangen.de\/index.php?rest_route=%2Fwp%2Fv2%2Fcomments&post=41"}],"version-history":[{"count":25,"href":"https:\/\/asv-schlangen.de\/index.php?rest_route=\/wp\/v2\/pages\/41\/revisions"}],"predecessor-version":[{"id":951,"href":"https:\/\/asv-schlangen.de\/index.php?rest_route=\/wp\/v2\/pages\/41\/revisions\/951"}],"up":[{"embeddable":true,"href":"https:\/\/asv-schlangen.de\/index.php?rest_route=\/wp\/v2\/pages\/20"}],"wp:attachment":[{"href":"https:\/\/asv-schlangen.de\/index.php?rest_route=%2Fwp%2Fv2%2Fmedia&parent=41"}],"curies":[{"name":"wp","href":"https:\/\/api.w.org\/{rel}","templated":true}]}}