{"id":45,"date":"2022-11-22T08:37:44","date_gmt":"2022-11-22T08:37:44","guid":{"rendered":"https:\/\/asv-schlangen.de\/?page_id=45"},"modified":"2022-11-23T16:13:03","modified_gmt":"2022-11-23T16:13:03","slug":"die-geschichte-des-asv","status":"publish","type":"page","link":"https:\/\/asv-schlangen.de\/?page_id=45","title":{"rendered":"Geschichte"},"content":{"rendered":"\t\t<div data-elementor-type=\"wp-page\" data-elementor-id=\"45\" class=\"elementor elementor-45\" data-elementor-post-type=\"page\">\n\t\t\t\t\t\t<section class=\"elementor-section elementor-top-section elementor-element elementor-element-040d47c elementor-section-boxed elementor-section-height-default elementor-section-height-default\" data-id=\"040d47c\" data-element_type=\"section\" data-e-type=\"section\">\n\t\t\t\t\t\t<div class=\"elementor-container elementor-column-gap-default\">\n\t\t\t\t\t<div class=\"elementor-column elementor-col-100 elementor-top-column elementor-element elementor-element-1cb7e6a\" data-id=\"1cb7e6a\" data-element_type=\"column\" data-e-type=\"column\">\n\t\t\t<div class=\"elementor-widget-wrap elementor-element-populated\">\n\t\t\t\t\t\t<div class=\"elementor-element elementor-element-b54be62 elementor-widget elementor-widget-heading\" data-id=\"b54be62\" data-element_type=\"widget\" data-e-type=\"widget\" data-widget_type=\"heading.default\">\n\t\t\t\t<div class=\"elementor-widget-container\">\n\t\t\t\t\t<h1 class=\"elementor-heading-title elementor-size-default\">Die Geschichte des ASV Schlangen<\/h1>\t\t\t\t<\/div>\n\t\t\t\t<\/div>\n\t\t\t\t\t<\/div>\n\t\t<\/div>\n\t\t\t\t\t<\/div>\n\t\t<\/section>\n\t\t\t\t<section class=\"elementor-section elementor-top-section elementor-element elementor-element-41c92fe1 elementor-section-boxed elementor-section-height-default elementor-section-height-default\" data-id=\"41c92fe1\" data-element_type=\"section\" data-e-type=\"section\">\n\t\t\t\t\t\t<div class=\"elementor-container elementor-column-gap-default\">\n\t\t\t\t\t<div class=\"elementor-column elementor-col-100 elementor-top-column elementor-element elementor-element-1a0a90de\" data-id=\"1a0a90de\" data-element_type=\"column\" data-e-type=\"column\">\n\t\t\t<div class=\"elementor-widget-wrap elementor-element-populated\">\n\t\t\t\t\t\t<div class=\"elementor-element elementor-element-31cc4cbf elementor-widget elementor-widget-text-editor\" data-id=\"31cc4cbf\" data-element_type=\"widget\" data-e-type=\"widget\" data-widget_type=\"text-editor.default\">\n\t\t\t\t<div class=\"elementor-widget-container\">\n\t\t\t\t\t\t\t\t\t\n<p>Im Jahre 1966 beschlossen einige Angler aus Schlangen, die Ihrem Hobby an den Gew\u00e4ssern in der Umgebung nachgingen, ihre Situation zu verbessern. Man beschloss sich zusammen zu tun, um ein Gew\u00e4sser zu pachten. Dann k\u00f6nnte man sich einige Fahrten zur Weser sparen und auch noch nach Feierabend die Rute schwingen. Gesagt getan.<\/p>\n<p>Am 26. August 1966 trafen sich 13 Herren im Gasthof Sibille und gr\u00fcndeten den Angelsportverein Schlangen e.V.<\/p>\n<p>Als erstes bem\u00fchte sich der neu gegr\u00fcndete Verein um die Angelerlaubnis f\u00fcr einen Baggersee auf dem Gel\u00e4nde des Landwirtes Tofall. Man bekam diese auch unter der Auflage das jedes Mitglied einen Tag im Jahr auf dem Hof des Landwirtes beim Ernteeinsatz mithelfen musste. Ab 1969 wurde der Teich Tofall dann offiziell gepachtet und ist noch bis heute unter dem Namen Teich Schl\u00fcter in der Hand des Angelvereins.<\/p>\n<p>Neben den Veranstaltungen wie An- und Abangeln wurde 1968 beschlossen allj\u00e4hrlich ein K\u00f6nigsangeln abzuhalten. K\u00f6nig sollte derjenige werden der in einem bestimmten Zeitraum den gr\u00f6\u00dften Fisch f\u00e4ngt. Ab nun konnten sich alle K\u00f6nige auf der neu angeschafften K\u00f6nigskette in ununterbrochener Reihenfolge bis heute verewigen.<\/p>\n<p>1969 wurde dann die Jugendgruppe des ASV Schlangen gegr\u00fcndet. Diese bildet bis heute einen der wichtigsten, wenn nicht den wichtigsten, Bestandteil des Vereins. Nur durch die Ausbildung der Jugendlichen konnte sichergestellt werden, dass der Verein stetig wuchs und es keinen Mangel an neuen tatkr\u00e4ftigen Mitgliedern gab, die sich mit neuen Ideen in den Verein einbrachten.<\/p>\n<p>Der Bau des ersten Vereinsheims am damaligen Teich Tofall wurde 1970 begonnen und 1971 fertig gestellt. Zu diesem Anlass wurde dann auch im selben Jahr das erste Teichfest des ASV Schlangen am neuen Vereinsheim gefeiert. Seit diesem Jahr findet das Teichfest (jetzt an der Ochsenwiese) immer am letzten Augustwochenende statt.<\/p>\n<p><img fetchpriority=\"high\" decoding=\"async\" class=\"aligncenter wp-image-566 size-full\" src=\"https:\/\/asv-schlangen.de\/wp-content\/uploads\/2022\/11\/Scannen00-5.jpg\" alt=\"\" width=\"800\" height=\"550\" srcset=\"https:\/\/asv-schlangen.de\/wp-content\/uploads\/2022\/11\/Scannen00-5.jpg 800w, https:\/\/asv-schlangen.de\/wp-content\/uploads\/2022\/11\/Scannen00-5-300x206.jpg 300w, https:\/\/asv-schlangen.de\/wp-content\/uploads\/2022\/11\/Scannen00-5-768x528.jpg 768w\" sizes=\"(max-width: 800px) 100vw, 800px\" \/><\/p>\n<p>Als zweites Gew\u00e4sser durfte ab 1972 der Baggersee Haverkamp durch die Mitglieder des ASV beangelt werden. Der Haverkampsee ist mit seinen 6,5 ha der Gr\u00f6\u00dfe See des Angelvereins.<\/p>\n<p>Im Jahre 1979 konnte zusammen mit der Gemeinde Schlangen ein langj\u00e4hriger Plan in die Tat umgesetzt werden. Durch den Bau der neuen B1 wurde Material zum Anf\u00fcllen der Stra\u00dfe ben\u00f6tigt. Die Gemeinde Schlangen stellte die Ochsenwiese zur Verf\u00fcgung. So entstand das dritte Angelgew\u00e4sser des ASV \u00fcber das ein langj\u00e4hriger Pachtvertrag mit der Gemeinde Schlangen abgeschlossen wurde.<\/p>\n<p><img decoding=\"async\" class=\"aligncenter wp-image-567 size-full\" src=\"https:\/\/asv-schlangen.de\/wp-content\/uploads\/2022\/11\/Scannen0003.jpg\" alt=\"\" width=\"800\" height=\"578\" srcset=\"https:\/\/asv-schlangen.de\/wp-content\/uploads\/2022\/11\/Scannen0003.jpg 800w, https:\/\/asv-schlangen.de\/wp-content\/uploads\/2022\/11\/Scannen0003-300x217.jpg 300w, https:\/\/asv-schlangen.de\/wp-content\/uploads\/2022\/11\/Scannen0003-768x555.jpg 768w\" sizes=\"(max-width: 800px) 100vw, 800px\" \/><\/p>\n<p>Da der See Ochsenwiese sehr zentral in Schlangen liegt und auch ein alter Stall vorhanden war, beschloss der Verein 1983 diesen zum neuen Vereinsheim umzubauen. Dieses Vereinsheim liegt direkt am Gew\u00e4sser und sollte nun den neuen Mittelpunkt des Vereinslebens bilden. Durch die weiterhin stetig wachsende Mitgliederanzahl sah man sich 1998 gezwungen das Heim zu seiner heutigen Gr\u00f6\u00dfe auszubauen.<\/p>\n<p>Als viertes Gew\u00e4sser wurde 1992 der Obere Tallesee gepachtet. Nur wenn die Gew\u00e4sserfl\u00e4che weiter vergr\u00f6\u00dfert werden k\u00f6nnte, k\u00f6nnen auch mehr Pl\u00e4tze f\u00fcr neue Mitglieder zur Verf\u00fcgung gestellt werden.<\/p>\n<p><img decoding=\"async\" class=\"aligncenter wp-image-568 size-full\" src=\"https:\/\/asv-schlangen.de\/wp-content\/uploads\/2022\/11\/scannen0012.jpg\" alt=\"\" width=\"800\" height=\"560\" srcset=\"https:\/\/asv-schlangen.de\/wp-content\/uploads\/2022\/11\/scannen0012.jpg 800w, https:\/\/asv-schlangen.de\/wp-content\/uploads\/2022\/11\/scannen0012-300x210.jpg 300w, https:\/\/asv-schlangen.de\/wp-content\/uploads\/2022\/11\/scannen0012-768x538.jpg 768w\" sizes=\"(max-width: 800px) 100vw, 800px\" \/><\/p>\n<p>Beim allj\u00e4hrlichen Teichfest blieben die Mitglieder am Samstag immer unter sich und nur am Sonntag konnte auch die \u00d6ffentlichkeit an den Feierlichkeiten teilnehmen. Ab 2002 wurde das Teichfest zu einer \u00f6ffentlichen Veranstaltung. Man versuchte mit einem gro\u00dfen Feuerwerk am Samstag und einer Flo\u00dfregatta am Sonntag das Interesse aller Mitb\u00fcrgerinnen und Mitb\u00fcrger zu wecken. Und es gelang.<\/p>\n<p>Das Teichfest geh\u00f6rt heute zu den gr\u00f6\u00dferen Veranstaltungen in der Gemeinde Schlangen.<\/p>\n<p>Dieses war ein kurzer \u00dcberblick \u00fcber die Geschichte des Angelvereins Schlangen mit den wichtigsten Daten. Da der Verein aber weiterhin sehr aktiv ist, hoffen wir in n\u00e4chster Zeit noch einige Kapitel hinzuf\u00fcgen zu k\u00f6nnen.<\/p>\n\t\t\t\t\t\t\t\t<\/div>\n\t\t\t\t<\/div>\n\t\t\t\t\t<\/div>\n\t\t<\/div>\n\t\t\t\t\t<\/div>\n\t\t<\/section>\n\t\t\t\t<\/div>\n\t\t","protected":false},"excerpt":{"rendered":"<p>Die Geschichte des ASV Schlangen Im Jahre 1966 beschlossen einige Angler aus Schlangen, die Ihrem Hobby an den Gew\u00e4ssern in der Umgebung nachgingen, ihre Situation zu verbessern. Man beschloss sich zusammen zu tun, um ein Gew\u00e4sser zu pachten. Dann k\u00f6nnte man sich einige Fahrten zur Weser sparen und auch noch nach Feierabend die Rute schwingen. [&hellip;]<\/p>\n","protected":false},"author":1,"featured_media":0,"parent":20,"menu_order":0,"comment_status":"closed","ping_status":"closed","template":"","meta":{"footnotes":""},"class_list":["post-45","page","type-page","status-publish","hentry"],"_links":{"self":[{"href":"https:\/\/asv-schlangen.de\/index.php?rest_route=\/wp\/v2\/pages\/45","targetHints":{"allow":["GET"]}}],"collection":[{"href":"https:\/\/asv-schlangen.de\/index.php?rest_route=\/wp\/v2\/pages"}],"about":[{"href":"https:\/\/asv-schlangen.de\/index.php?rest_route=\/wp\/v2\/types\/page"}],"author":[{"embeddable":true,"href":"https:\/\/asv-schlangen.de\/index.php?rest_route=\/wp\/v2\/users\/1"}],"replies":[{"embeddable":true,"href":"https:\/\/asv-schlangen.de\/index.php?rest_route=%2Fwp%2Fv2%2Fcomments&post=45"}],"version-history":[{"count":22,"href":"https:\/\/asv-schlangen.de\/index.php?rest_route=\/wp\/v2\/pages\/45\/revisions"}],"predecessor-version":[{"id":619,"href":"https:\/\/asv-schlangen.de\/index.php?rest_route=\/wp\/v2\/pages\/45\/revisions\/619"}],"up":[{"embeddable":true,"href":"https:\/\/asv-schlangen.de\/index.php?rest_route=\/wp\/v2\/pages\/20"}],"wp:attachment":[{"href":"https:\/\/asv-schlangen.de\/index.php?rest_route=%2Fwp%2Fv2%2Fmedia&parent=45"}],"curies":[{"name":"wp","href":"https:\/\/api.w.org\/{rel}","templated":true}]}}