{"id":47,"date":"2022-11-22T08:38:03","date_gmt":"2022-11-22T08:38:03","guid":{"rendered":"https:\/\/asv-schlangen.de\/?page_id=47"},"modified":"2022-11-22T11:51:04","modified_gmt":"2022-11-22T11:51:04","slug":"ueber-uns","status":"publish","type":"page","link":"https:\/\/asv-schlangen.de\/?page_id=47","title":{"rendered":"\u00dcber uns"},"content":{"rendered":"\t\t<div data-elementor-type=\"wp-page\" data-elementor-id=\"47\" class=\"elementor elementor-47\" data-elementor-post-type=\"page\">\n\t\t\t\t\t\t<section class=\"elementor-section elementor-top-section elementor-element elementor-element-5cbe5cd elementor-section-boxed elementor-section-height-default elementor-section-height-default\" data-id=\"5cbe5cd\" data-element_type=\"section\" data-e-type=\"section\">\n\t\t\t\t\t\t<div class=\"elementor-container elementor-column-gap-default\">\n\t\t\t\t\t<div class=\"elementor-column elementor-col-100 elementor-top-column elementor-element elementor-element-a224049\" data-id=\"a224049\" data-element_type=\"column\" data-e-type=\"column\">\n\t\t\t<div class=\"elementor-widget-wrap elementor-element-populated\">\n\t\t\t\t\t\t<div class=\"elementor-element elementor-element-83837b7 elementor-widget elementor-widget-heading\" data-id=\"83837b7\" data-element_type=\"widget\" data-e-type=\"widget\" data-widget_type=\"heading.default\">\n\t\t\t\t<div class=\"elementor-widget-container\">\n\t\t\t\t\t<h1 class=\"elementor-heading-title elementor-size-default\">\u00dcber den ASV Schlangen<\/h1>\t\t\t\t<\/div>\n\t\t\t\t<\/div>\n\t\t\t\t\t<\/div>\n\t\t<\/div>\n\t\t\t\t\t<\/div>\n\t\t<\/section>\n\t\t\t\t<section class=\"elementor-section elementor-top-section elementor-element elementor-element-3dfc4691 elementor-section-boxed elementor-section-height-default elementor-section-height-default\" data-id=\"3dfc4691\" data-element_type=\"section\" data-e-type=\"section\">\n\t\t\t\t\t\t<div class=\"elementor-container elementor-column-gap-default\">\n\t\t\t\t\t<div class=\"elementor-column elementor-col-100 elementor-top-column elementor-element elementor-element-2ad0b7ee\" data-id=\"2ad0b7ee\" data-element_type=\"column\" data-e-type=\"column\">\n\t\t\t<div class=\"elementor-widget-wrap elementor-element-populated\">\n\t\t\t\t\t\t<div class=\"elementor-element elementor-element-1634c923 elementor-widget elementor-widget-text-editor\" data-id=\"1634c923\" data-element_type=\"widget\" data-e-type=\"widget\" data-widget_type=\"text-editor.default\">\n\t\t\t\t<div class=\"elementor-widget-container\">\n\t\t\t\t\t\t\t\t\t\n<p>Am Rande des sch\u00f6nen Lipperlands hat sich 1966 der ASV Schlangen gegr\u00fcndet. Ein Verein mit langer Tradition, der von Anfang an f\u00fcr Kameradschaft, Freundschaft und Zusammenhalt stand, und auch bis zum heutigen Tag steht. Unser aktives Vereinsleben mit etlichen anglerischen und gesellschaftlichen Terminen begeistert Jung und Alt.<\/p>\n\n\n\n<p>Der Verein engagiert sich seit seiner Gr\u00fcndung f\u00fcr den Umweltschutz und den Arterhalt der heimischen Fischarten. Unsere Gew\u00e4sser beherbergen neben den Raubfischen wie Hecht, Zander und Barsch auch allerlei Friedfische, wie z.B. Rotaugen, Rotfedern, Karauschen oder Karpfen. Um dieser Aufgabe gerecht zu werden, investieren unsere Mitglieder jedes Jahr unz\u00e4hlige Arbeitsstunden.<\/p>\n\n\n\n<p>Ein weiteres Ziel unserer Arbeit ist die Jugendgruppe. Mit drei Jugendwarten sind wir f\u00fcr unsere Jugend jederzeit erreichbar und eine Betreuung ist bei jeder T\u00e4tigkeit sichergestellt.<\/p>\n\t\t\t\t\t\t\t\t<\/div>\n\t\t\t\t<\/div>\n\t\t\t\t\t<\/div>\n\t\t<\/div>\n\t\t\t\t\t<\/div>\n\t\t<\/section>\n\t\t\t\t<\/div>\n\t\t","protected":false},"excerpt":{"rendered":"<p>\u00dcber den ASV Schlangen Am Rande des sch\u00f6nen Lipperlands hat sich 1966 der ASV Schlangen gegr\u00fcndet. Ein Verein mit langer Tradition, der von Anfang an f\u00fcr Kameradschaft, Freundschaft und Zusammenhalt stand, und auch bis zum heutigen Tag steht. Unser aktives Vereinsleben mit etlichen anglerischen und gesellschaftlichen Terminen begeistert Jung und Alt. Der Verein engagiert sich [&hellip;]<\/p>\n","protected":false},"author":1,"featured_media":0,"parent":20,"menu_order":0,"comment_status":"closed","ping_status":"closed","template":"","meta":{"footnotes":""},"class_list":["post-47","page","type-page","status-publish","hentry"],"_links":{"self":[{"href":"https:\/\/asv-schlangen.de\/index.php?rest_route=\/wp\/v2\/pages\/47","targetHints":{"allow":["GET"]}}],"collection":[{"href":"https:\/\/asv-schlangen.de\/index.php?rest_route=\/wp\/v2\/pages"}],"about":[{"href":"https:\/\/asv-schlangen.de\/index.php?rest_route=\/wp\/v2\/types\/page"}],"author":[{"embeddable":true,"href":"https:\/\/asv-schlangen.de\/index.php?rest_route=\/wp\/v2\/users\/1"}],"replies":[{"embeddable":true,"href":"https:\/\/asv-schlangen.de\/index.php?rest_route=%2Fwp%2Fv2%2Fcomments&post=47"}],"version-history":[{"count":5,"href":"https:\/\/asv-schlangen.de\/index.php?rest_route=\/wp\/v2\/pages\/47\/revisions"}],"predecessor-version":[{"id":259,"href":"https:\/\/asv-schlangen.de\/index.php?rest_route=\/wp\/v2\/pages\/47\/revisions\/259"}],"up":[{"embeddable":true,"href":"https:\/\/asv-schlangen.de\/index.php?rest_route=\/wp\/v2\/pages\/20"}],"wp:attachment":[{"href":"https:\/\/asv-schlangen.de\/index.php?rest_route=%2Fwp%2Fv2%2Fmedia&parent=47"}],"curies":[{"name":"wp","href":"https:\/\/api.w.org\/{rel}","templated":true}]}}